{"id":13466,"date":"2020-06-27T09:49:33","date_gmt":"2020-06-27T07:49:33","guid":{"rendered":"https:\/\/vintageguitars.fr\/en\/product\/national-style-0-3\/"},"modified":"2020-06-27T09:49:33","modified_gmt":"2020-06-27T07:49:33","slug":"national-style-0-3","status":"publish","type":"product","link":"https:\/\/vintageguitars.fr\/en\/produit\/national-style-0-3\/","title":{"rendered":"National Style 0"},"content":{"rendered":"<p>Voici une occasion rare d&#8217;obtenir un vrai National, avec le vrai son, pour un prix significativement inf\u00e9rieur \u00e0 ce que l&#8217;on voit habituellement. Le manche date de 1941\/42 mais le corps est un peu plus vieux et date de 1935\/36\u00a0. Cela se voit \u00e0 de petits d\u00e9tails dans les motifs du paysage hawa\u00efen. Pour ce qui est de la construction en elle-m\u00eame il n&#8217;y a pas de diff\u00e9rence et les pi\u00e8ces sont tr\u00e8s bien ajust\u00e9es. Le manche a \u00e9t\u00e9 restaur\u00e9 et reverni avec un joli d\u00e9grad\u00e9 sunburst. L&#8217;instrument est r\u00e9gl\u00e9 pour jouer au bottleneck et aux doigts. Le c\u00f4ne est un National Resophonic, \u00e7a sonne tr\u00e8s bien. Fourni en \u00e9tui rigide original, celui-ci est en \u00e9tat moyen mais il a le m\u00e9rite de toujours \u00eatre l\u00e0.<\/p>\n","protected":false},"excerpt":{"rendered":"<p>Voici une occasion rare d&#8217;obtenir un vrai National, avec le vrai son, pour un prix significativement inf\u00e9rieur \u00e0 ce que l&#8217;on voit habituellement. Le manche date de 1941\/42 mais le corps est un peu plus vieux et date de 1935\/36\u00a0. Cela se voit \u00e0 de petits d\u00e9tails dans les motifs du paysage hawa\u00efen. Pour ce [&hellip;]<\/p>\n","protected":false},"featured_media":13326,"template":"","meta":{"_acf_changed":false},"product_brand":[],"product_cat":[8,14,30],"product_tag":[],"class_list":{"0":"post-13466","1":"product","2":"type-product","3":"status-publish","4":"has-post-thumbnail","6":"product_cat-guitars","7":"product_cat-other","8":"product_cat-sold","10":"first","11":"instock","12":"shipping-taxable","13":"purchasable","14":"product-type-simple"},"acf":[],"_links":{"self":[{"href":"https:\/\/vintageguitars.fr\/en\/wp-json\/wp\/v2\/product\/13466","targetHints":{"allow":["GET"]}}],"collection":[{"href":"https:\/\/vintageguitars.fr\/en\/wp-json\/wp\/v2\/product"}],"about":[{"href":"https:\/\/vintageguitars.fr\/en\/wp-json\/wp\/v2\/types\/product"}],"wp:featuredmedia":[{"embeddable":true,"href":"https:\/\/vintageguitars.fr\/en\/wp-json\/wp\/v2\/media\/13326"}],"wp:attachment":[{"href":"https:\/\/vintageguitars.fr\/en\/wp-json\/wp\/v2\/media?parent=13466"}],"wp:term":[{"taxonomy":"product_brand","embeddable":true,"href":"https:\/\/vintageguitars.fr\/en\/wp-json\/wp\/v2\/product_brand?post=13466"},{"taxonomy":"product_cat","embeddable":true,"href":"https:\/\/vintageguitars.fr\/en\/wp-json\/wp\/v2\/product_cat?post=13466"},{"taxonomy":"product_tag","embeddable":true,"href":"https:\/\/vintageguitars.fr\/en\/wp-json\/wp\/v2\/product_tag?post=13466"}],"curies":[{"name":"wp","href":"https:\/\/api.w.org\/{rel}","templated":true}]}}