{"id":13246,"date":"2020-06-27T08:26:12","date_gmt":"2020-06-27T06:26:12","guid":{"rendered":"https:\/\/vintageguitars.fr\/en\/product\/gibson-sg-special-polaris-white\/"},"modified":"2020-07-29T11:01:10","modified_gmt":"2020-07-29T09:01:10","slug":"gibson-sg-special-polaris-white","status":"publish","type":"product","link":"https:\/\/vintageguitars.fr\/en\/produit\/gibson-sg-special-polaris-white\/","title":{"rendered":"Gibson SG special Polaris White"},"content":{"rendered":"<p>Un instrument pour les joueurs et non pour les collectionneurs. Cette SG est en bon \u00e9tat mais elle a eu une r\u00e9paration de la t\u00eate et revernie, son prix est donc en cons\u00e9quence ( comptez 5-6000 euros sinon&#8230;). Elle appartenait \u00e0 un ami, musicien professionnel qui lui a offert un reffretage et un passage \u00e0 la plek, op\u00e9ration qui est loin d&#8217;\u00eatre donn\u00e9e comme vous le savez. Elle joue donc \u00e0 la perfection. Elle est tr\u00e8s juste. Le manche est droit comme un i avec une action constante jusqu&#8217;au bout. Equip\u00e9s de 2 micros P90 60s, forc\u00e9ment elle sonne. Le P90 du chevalet est un clear bobin. Une petite r\u00e9paration au niveau du jack. Un chevalet repro, les originaux ayant une certaine tendance, voire une tendance certaine \u00e0 s&#8217;affaisser en leur centre les rendant inutilisables et la guitare inr\u00e9glable.<\/p>\n<p>Etui semi rigide original.<\/p>\n<p>Voil\u00e0 une bonne SG vintage, qui sonne et joue parfaitement. Celle-ci vous pouvez l&#8217;emmener \u00e0 droite \u00e0 gauche sans crainte.<\/p>\n","protected":false},"excerpt":{"rendered":"<p>Un instrument pour les joueurs et non pour les collectionneurs. Cette SG est en bon \u00e9tat mais elle a eu une r\u00e9paration de la t\u00eate et revernie, son prix est donc en cons\u00e9quence ( comptez 5-6000 euros sinon&#8230;). Elle appartenait \u00e0 un ami, musicien professionnel qui lui a offert un reffretage et un passage \u00e0 [&hellip;]<\/p>\n","protected":false},"featured_media":13227,"template":"","meta":{"_acf_changed":false},"product_brand":[],"product_cat":[18,8,30],"product_tag":[],"class_list":{"0":"post-13246","1":"product","2":"type-product","3":"status-publish","4":"has-post-thumbnail","6":"product_cat-electric","7":"product_cat-guitars","8":"product_cat-sold","10":"first","11":"instock","12":"shipping-taxable","13":"purchasable","14":"product-type-simple"},"acf":[],"_links":{"self":[{"href":"https:\/\/vintageguitars.fr\/en\/wp-json\/wp\/v2\/product\/13246","targetHints":{"allow":["GET"]}}],"collection":[{"href":"https:\/\/vintageguitars.fr\/en\/wp-json\/wp\/v2\/product"}],"about":[{"href":"https:\/\/vintageguitars.fr\/en\/wp-json\/wp\/v2\/types\/product"}],"wp:featuredmedia":[{"embeddable":true,"href":"https:\/\/vintageguitars.fr\/en\/wp-json\/wp\/v2\/media\/13227"}],"wp:attachment":[{"href":"https:\/\/vintageguitars.fr\/en\/wp-json\/wp\/v2\/media?parent=13246"}],"wp:term":[{"taxonomy":"product_brand","embeddable":true,"href":"https:\/\/vintageguitars.fr\/en\/wp-json\/wp\/v2\/product_brand?post=13246"},{"taxonomy":"product_cat","embeddable":true,"href":"https:\/\/vintageguitars.fr\/en\/wp-json\/wp\/v2\/product_cat?post=13246"},{"taxonomy":"product_tag","embeddable":true,"href":"https:\/\/vintageguitars.fr\/en\/wp-json\/wp\/v2\/product_tag?post=13246"}],"curies":[{"name":"wp","href":"https:\/\/api.w.org\/{rel}","templated":true}]}}