{"id":13077,"date":"2020-06-15T11:27:29","date_gmt":"2020-06-15T09:27:29","guid":{"rendered":"https:\/\/vintageguitars.fr\/en\/product\/martin-d-35-2\/"},"modified":"2020-08-06T11:36:12","modified_gmt":"2020-08-06T09:36:12","slug":"martin-d-35-2","status":"publish","type":"product","link":"https:\/\/vintageguitars.fr\/en\/produit\/martin-d-35-2\/","title":{"rendered":"Martin D-35"},"content":{"rendered":"<p>Cette Dreadnaught est en tr\u00e8s bon \u00e9tat, sans fente ou r\u00e9paration. Un neck reset a \u00e9t\u00e9 effectu\u00e9, l&#8217;action est donc excellente et l&#8217;angle du manche est parfait. Les D-35 sont connues pour \u00eatre des guitares puissantes, ouvertes et avec des basses bien rondes et tr\u00e8s pr\u00e9sentes. Celle-ci ne fait pas exception. Elle est quip\u00e9e d&#8217;un LR Baggs avec sortie jack en lieu et place de l&#8217;attache courroie si jamais vous vouliez jouer amplifi\u00e9. En \u00e9tui rigide d&#8217;\u00e9poque non original mais qui d&#8217;apr\u00e8s le propri\u00e9taire original est celui-ci avec lequel elle a quitt\u00e9 le magasin dans les ann\u00e9es 70.<\/p>\n","protected":false},"excerpt":{"rendered":"<p>Cette Dreadnaught est en tr\u00e8s bon \u00e9tat, sans fente ou r\u00e9paration. Un neck reset a \u00e9t\u00e9 effectu\u00e9, l&#8217;action est donc excellente et l&#8217;angle du manche est parfait. Les D-35 sont connues pour \u00eatre des guitares puissantes, ouvertes et avec des basses bien rondes et tr\u00e8s pr\u00e9sentes. Celle-ci ne fait pas exception. Elle est quip\u00e9e d&#8217;un [&hellip;]<\/p>\n","protected":false},"featured_media":13055,"template":"","meta":{"_acf_changed":false},"product_brand":[],"product_cat":[15,8,30],"product_tag":[],"class_list":{"0":"post-13077","1":"product","2":"type-product","3":"status-publish","4":"has-post-thumbnail","6":"product_cat-accoustic","7":"product_cat-guitars","8":"product_cat-sold","10":"first","11":"instock","12":"shipping-taxable","13":"purchasable","14":"product-type-simple"},"acf":[],"_links":{"self":[{"href":"https:\/\/vintageguitars.fr\/en\/wp-json\/wp\/v2\/product\/13077","targetHints":{"allow":["GET"]}}],"collection":[{"href":"https:\/\/vintageguitars.fr\/en\/wp-json\/wp\/v2\/product"}],"about":[{"href":"https:\/\/vintageguitars.fr\/en\/wp-json\/wp\/v2\/types\/product"}],"wp:featuredmedia":[{"embeddable":true,"href":"https:\/\/vintageguitars.fr\/en\/wp-json\/wp\/v2\/media\/13055"}],"wp:attachment":[{"href":"https:\/\/vintageguitars.fr\/en\/wp-json\/wp\/v2\/media?parent=13077"}],"wp:term":[{"taxonomy":"product_brand","embeddable":true,"href":"https:\/\/vintageguitars.fr\/en\/wp-json\/wp\/v2\/product_brand?post=13077"},{"taxonomy":"product_cat","embeddable":true,"href":"https:\/\/vintageguitars.fr\/en\/wp-json\/wp\/v2\/product_cat?post=13077"},{"taxonomy":"product_tag","embeddable":true,"href":"https:\/\/vintageguitars.fr\/en\/wp-json\/wp\/v2\/product_tag?post=13077"}],"curies":[{"name":"wp","href":"https:\/\/api.w.org\/{rel}","templated":true}]}}