{"id":12469,"date":"2019-12-08T14:00:17","date_gmt":"2019-12-08T13:00:17","guid":{"rendered":"https:\/\/vintageguitars.fr\/en\/product\/gibson-les-paul-deluxe-2\/"},"modified":"2020-05-18T10:28:01","modified_gmt":"2020-05-18T08:28:01","slug":"gibson-les-paul-deluxe-2","status":"publish","type":"product","link":"https:\/\/vintageguitars.fr\/en\/produit\/gibson-les-paul-deluxe-2\/","title":{"rendered":"Gibson Les Paul Deluxe"},"content":{"rendered":"<p>Instrument original et tr\u00e8s bien pr\u00e9serv\u00e9. Manche particuli\u00e8rement agr\u00e9able et facile \u00e0 jouer. Aucune casse. Aucune r\u00e9paration. L&#8217;\u00e9tat g\u00e9n\u00e9ral est excellent. Fournie en \u00e9tui original.<\/p>\n","protected":false},"excerpt":{"rendered":"<p>Instrument original et tr\u00e8s bien pr\u00e9serv\u00e9. Manche particuli\u00e8rement agr\u00e9able et facile \u00e0 jouer. Aucune casse. Aucune r\u00e9paration. L&#8217;\u00e9tat g\u00e9n\u00e9ral est excellent. Fournie en \u00e9tui original.<\/p>\n","protected":false},"featured_media":11315,"template":"","meta":{"_acf_changed":false},"product_brand":[],"product_cat":[18,8,30],"product_tag":[],"class_list":{"0":"post-12469","1":"product","2":"type-product","3":"status-publish","4":"has-post-thumbnail","6":"product_cat-electric","7":"product_cat-guitars","8":"product_cat-sold","10":"first","11":"instock","12":"shipping-taxable","13":"purchasable","14":"product-type-simple"},"acf":[],"_links":{"self":[{"href":"https:\/\/vintageguitars.fr\/en\/wp-json\/wp\/v2\/product\/12469","targetHints":{"allow":["GET"]}}],"collection":[{"href":"https:\/\/vintageguitars.fr\/en\/wp-json\/wp\/v2\/product"}],"about":[{"href":"https:\/\/vintageguitars.fr\/en\/wp-json\/wp\/v2\/types\/product"}],"wp:featuredmedia":[{"embeddable":true,"href":"https:\/\/vintageguitars.fr\/en\/wp-json\/wp\/v2\/media\/11315"}],"wp:attachment":[{"href":"https:\/\/vintageguitars.fr\/en\/wp-json\/wp\/v2\/media?parent=12469"}],"wp:term":[{"taxonomy":"product_brand","embeddable":true,"href":"https:\/\/vintageguitars.fr\/en\/wp-json\/wp\/v2\/product_brand?post=12469"},{"taxonomy":"product_cat","embeddable":true,"href":"https:\/\/vintageguitars.fr\/en\/wp-json\/wp\/v2\/product_cat?post=12469"},{"taxonomy":"product_tag","embeddable":true,"href":"https:\/\/vintageguitars.fr\/en\/wp-json\/wp\/v2\/product_tag?post=12469"}],"curies":[{"name":"wp","href":"https:\/\/api.w.org\/{rel}","templated":true}]}}