{"id":12461,"date":"2020-04-28T17:42:24","date_gmt":"2020-04-28T15:42:24","guid":{"rendered":"https:\/\/vintageguitars.fr\/en\/product\/martin-000-21-2\/"},"modified":"2020-06-11T19:02:17","modified_gmt":"2020-06-11T17:02:17","slug":"martin-000-21-2","status":"publish","type":"product","link":"https:\/\/vintageguitars.fr\/en\/produit\/martin-000-21-2\/","title":{"rendered":"Martin 000-21"},"content":{"rendered":"<p><strong>VENDUE<\/strong><\/p>\n<p>Attention les r\u00e9tines. Attention les oreilles. Cette 000-21 est incroyable. Elle est d&#8217;une facilit\u00e9 d\u00e9concertante ce qui aide beaucoup \u00e0 bien se placer il est vrai, mais ce son, je n&#8217;en reviens toujours pas. Il y a tout ce qu&#8217;on peut demander \u00e0 une guitare.<\/p>\n<p>C\u00f4t\u00e9 esth\u00e9tique, c&#8217;est quelque chose aussi. Vous avez vu ce dos ? Et ces \u00e9clisses ? Le binding tortoise est en excellent \u00e9tat. Le pickguard \u00e9galement. Pas de fente traversantes, juste quelques craquelures de vernis ici ou l\u00e0. Regardez les photos, elle est sublime.<\/p>\n<p>C&#8217;est un instrument de 1954, en parfait \u00e9tat, et avec son \u00e9tui rigide d&#8217;origine.<\/p>\n<p>&nbsp;<\/p>\n","protected":false},"excerpt":{"rendered":"<p>VENDUE Attention les r\u00e9tines. Attention les oreilles. Cette 000-21 est incroyable. Elle est d&#8217;une facilit\u00e9 d\u00e9concertante ce qui aide beaucoup \u00e0 bien se placer il est vrai, mais ce son, je n&#8217;en reviens toujours pas. Il y a tout ce qu&#8217;on peut demander \u00e0 une guitare. C\u00f4t\u00e9 esth\u00e9tique, c&#8217;est quelque chose aussi. Vous avez vu [&hellip;]<\/p>\n","protected":false},"featured_media":12420,"template":"","meta":{"_acf_changed":false},"product_brand":[],"product_cat":[15,8,30],"product_tag":[],"class_list":{"0":"post-12461","1":"product","2":"type-product","3":"status-publish","4":"has-post-thumbnail","6":"product_cat-accoustic","7":"product_cat-guitars","8":"product_cat-sold","10":"first","11":"instock","12":"shipping-taxable","13":"product-type-simple"},"acf":[],"_links":{"self":[{"href":"https:\/\/vintageguitars.fr\/en\/wp-json\/wp\/v2\/product\/12461","targetHints":{"allow":["GET"]}}],"collection":[{"href":"https:\/\/vintageguitars.fr\/en\/wp-json\/wp\/v2\/product"}],"about":[{"href":"https:\/\/vintageguitars.fr\/en\/wp-json\/wp\/v2\/types\/product"}],"wp:featuredmedia":[{"embeddable":true,"href":"https:\/\/vintageguitars.fr\/en\/wp-json\/wp\/v2\/media\/12420"}],"wp:attachment":[{"href":"https:\/\/vintageguitars.fr\/en\/wp-json\/wp\/v2\/media?parent=12461"}],"wp:term":[{"taxonomy":"product_brand","embeddable":true,"href":"https:\/\/vintageguitars.fr\/en\/wp-json\/wp\/v2\/product_brand?post=12461"},{"taxonomy":"product_cat","embeddable":true,"href":"https:\/\/vintageguitars.fr\/en\/wp-json\/wp\/v2\/product_cat?post=12461"},{"taxonomy":"product_tag","embeddable":true,"href":"https:\/\/vintageguitars.fr\/en\/wp-json\/wp\/v2\/product_tag?post=12461"}],"curies":[{"name":"wp","href":"https:\/\/api.w.org\/{rel}","templated":true}]}}