{"id":12327,"date":"2020-03-26T10:41:50","date_gmt":"2020-03-26T09:41:50","guid":{"rendered":"http:\/\/vintageguitars.fr\/en\/product\/harmony-broadway\/"},"modified":"2020-04-03T16:11:34","modified_gmt":"2020-04-03T14:11:34","slug":"harmony-broadway","status":"publish","type":"product","link":"https:\/\/vintageguitars.fr\/en\/produit\/harmony-broadway\/","title":{"rendered":"Harmony Broadway"},"content":{"rendered":"<p>Cet instrument fut fabriqu\u00e9 \u00e0 Chicago au tout d\u00e9but des ann\u00e9es 60. Il est bien pr\u00e9serv\u00e9. Le manche est bien droit et l&#8217;action basse et confortable. La guitare a \u00e9t\u00e9 \u00e9quip\u00e9e d&#8217;un micro et une sortie jack install\u00e9e sur l&#8217;\u00e9clisse. Elle sonne bien, assez medium et blues. Pas de casse ou r\u00e9paration. Petit prix pour cette vintage sympa . \u00c9tui r\u00e9cent.<\/p>\n","protected":false},"excerpt":{"rendered":"<p>Cet instrument fut fabriqu\u00e9 \u00e0 Chicago au tout d\u00e9but des ann\u00e9es 60. Il est bien pr\u00e9serv\u00e9. Le manche est bien droit et l&#8217;action basse et confortable. La guitare a \u00e9t\u00e9 \u00e9quip\u00e9e d&#8217;un micro et une sortie jack install\u00e9e sur l&#8217;\u00e9clisse. Elle sonne bien, assez medium et blues. Pas de casse ou r\u00e9paration. Petit prix pour [&hellip;]<\/p>\n","protected":false},"featured_media":12312,"template":"","meta":{"_acf_changed":false},"product_brand":[],"product_cat":[15,8,30],"product_tag":[],"class_list":{"0":"post-12327","1":"product","2":"type-product","3":"status-publish","4":"has-post-thumbnail","6":"product_cat-accoustic","7":"product_cat-guitars","8":"product_cat-sold","10":"first","11":"instock","12":"shipping-taxable","13":"purchasable","14":"product-type-simple"},"acf":[],"_links":{"self":[{"href":"https:\/\/vintageguitars.fr\/en\/wp-json\/wp\/v2\/product\/12327","targetHints":{"allow":["GET"]}}],"collection":[{"href":"https:\/\/vintageguitars.fr\/en\/wp-json\/wp\/v2\/product"}],"about":[{"href":"https:\/\/vintageguitars.fr\/en\/wp-json\/wp\/v2\/types\/product"}],"wp:featuredmedia":[{"embeddable":true,"href":"https:\/\/vintageguitars.fr\/en\/wp-json\/wp\/v2\/media\/12312"}],"wp:attachment":[{"href":"https:\/\/vintageguitars.fr\/en\/wp-json\/wp\/v2\/media?parent=12327"}],"wp:term":[{"taxonomy":"product_brand","embeddable":true,"href":"https:\/\/vintageguitars.fr\/en\/wp-json\/wp\/v2\/product_brand?post=12327"},{"taxonomy":"product_cat","embeddable":true,"href":"https:\/\/vintageguitars.fr\/en\/wp-json\/wp\/v2\/product_cat?post=12327"},{"taxonomy":"product_tag","embeddable":true,"href":"https:\/\/vintageguitars.fr\/en\/wp-json\/wp\/v2\/product_tag?post=12327"}],"curies":[{"name":"wp","href":"https:\/\/api.w.org\/{rel}","templated":true}]}}