{"id":12254,"date":"2020-03-24T10:28:27","date_gmt":"2020-03-24T09:28:27","guid":{"rendered":"http:\/\/vintageguitars.fr\/en\/product\/fender-telecaster-sunburst\/"},"modified":"2020-05-06T21:27:29","modified_gmt":"2020-05-06T19:27:29","slug":"fender-telecaster-sunburst","status":"publish","type":"product","link":"https:\/\/vintageguitars.fr\/en\/produit\/fender-telecaster-sunburst\/","title":{"rendered":"Fender Telecaster sunburst"},"content":{"rendered":"<p><strong>VENDUE<\/strong><\/p>\n<p>Cette Telecaster a jou\u00e9, le vernis original a pris une certaine patine mais l&#8217;instrument en lui-m\u00eame est en excellent \u00e9tat. Elle a \u00e9t\u00e9 refrett\u00e9e par un professionnel car le travail est irr\u00e9prochable et l&#8217;ensemble de l&#8217;\u00e9lectronique est original. Tr\u00e8s agr\u00e9able \u00e0 jouer, elle ne p\u00e8se que 3,5kg. Fournie en \u00e9tui rigide tweed.<\/p>\n","protected":false},"excerpt":{"rendered":"<p>VENDUE Cette Telecaster a jou\u00e9, le vernis original a pris une certaine patine mais l&#8217;instrument en lui-m\u00eame est en excellent \u00e9tat. Elle a \u00e9t\u00e9 refrett\u00e9e par un professionnel car le travail est irr\u00e9prochable et l&#8217;ensemble de l&#8217;\u00e9lectronique est original. Tr\u00e8s agr\u00e9able \u00e0 jouer, elle ne p\u00e8se que 3,5kg. Fournie en \u00e9tui rigide tweed.<\/p>\n","protected":false},"featured_media":12236,"template":"","meta":{"_acf_changed":false},"product_brand":[],"product_cat":[18,8,30],"product_tag":[],"class_list":{"0":"post-12254","1":"product","2":"type-product","3":"status-publish","4":"has-post-thumbnail","6":"product_cat-electric","7":"product_cat-guitars","8":"product_cat-sold","10":"first","11":"instock","12":"shipping-taxable","13":"product-type-simple"},"acf":[],"_links":{"self":[{"href":"https:\/\/vintageguitars.fr\/en\/wp-json\/wp\/v2\/product\/12254","targetHints":{"allow":["GET"]}}],"collection":[{"href":"https:\/\/vintageguitars.fr\/en\/wp-json\/wp\/v2\/product"}],"about":[{"href":"https:\/\/vintageguitars.fr\/en\/wp-json\/wp\/v2\/types\/product"}],"wp:featuredmedia":[{"embeddable":true,"href":"https:\/\/vintageguitars.fr\/en\/wp-json\/wp\/v2\/media\/12236"}],"wp:attachment":[{"href":"https:\/\/vintageguitars.fr\/en\/wp-json\/wp\/v2\/media?parent=12254"}],"wp:term":[{"taxonomy":"product_brand","embeddable":true,"href":"https:\/\/vintageguitars.fr\/en\/wp-json\/wp\/v2\/product_brand?post=12254"},{"taxonomy":"product_cat","embeddable":true,"href":"https:\/\/vintageguitars.fr\/en\/wp-json\/wp\/v2\/product_cat?post=12254"},{"taxonomy":"product_tag","embeddable":true,"href":"https:\/\/vintageguitars.fr\/en\/wp-json\/wp\/v2\/product_tag?post=12254"}],"curies":[{"name":"wp","href":"https:\/\/api.w.org\/{rel}","templated":true}]}}