{"id":12178,"date":"2020-02-26T17:52:24","date_gmt":"2020-02-26T16:52:24","guid":{"rendered":"http:\/\/vintageguitars.fr\/en\/product\/maestro-sound-system-for-woodwinds-w-2\/"},"modified":"2022-03-21T16:35:35","modified_gmt":"2022-03-21T15:35:35","slug":"maestro-sound-system-for-woodwinds-w-2","status":"publish","type":"product","link":"https:\/\/vintageguitars.fr\/en\/produit\/maestro-sound-system-for-woodwinds-w-2\/","title":{"rendered":"Maestro sound system for woodwinds W-2"},"content":{"rendered":"<p>Autre unit\u00e9 destin\u00e9e aux cuivres initialement mais toujours aussi pertinentes avec les cordes pinc\u00e9es , les percussions etc.. Cet effet est tout \u00e0 fait fonctionnel. Il a \u00e9t\u00e9 utilis\u00e9 de mani\u00e8re professionnelle ces derni\u00e8res ann\u00e9es. Il procure des sons inaccessibles par ailleurs et des textures sonores si typiques des effets 60s. C&#8217;est \u00e0 la fois psych\u00e9d\u00e9lique, d\u00e9routant et tr\u00e8s r\u00e9jouissant.<\/p>\n<p>1200 euros<\/p>\n","protected":false},"excerpt":{"rendered":"<p>Autre unit\u00e9 destin\u00e9e aux cuivres initialement mais toujours aussi pertinentes avec les cordes pinc\u00e9es , les percussions etc.. Cet effet est tout \u00e0 fait fonctionnel. Il a \u00e9t\u00e9 utilis\u00e9 de mani\u00e8re professionnelle ces derni\u00e8res ann\u00e9es. Il procure des sons inaccessibles par ailleurs et des textures sonores si typiques des effets 60s. C&#8217;est \u00e0 la fois [&hellip;]<\/p>\n","protected":false},"featured_media":12165,"template":"","meta":{"_acf_changed":false},"product_brand":[],"product_cat":[24,30],"product_tag":[],"class_list":{"0":"post-12178","1":"product","2":"type-product","3":"status-publish","4":"has-post-thumbnail","6":"product_cat-effects","7":"product_cat-sold","9":"first","10":"instock","11":"shipping-taxable","12":"product-type-simple"},"acf":[],"_links":{"self":[{"href":"https:\/\/vintageguitars.fr\/en\/wp-json\/wp\/v2\/product\/12178","targetHints":{"allow":["GET"]}}],"collection":[{"href":"https:\/\/vintageguitars.fr\/en\/wp-json\/wp\/v2\/product"}],"about":[{"href":"https:\/\/vintageguitars.fr\/en\/wp-json\/wp\/v2\/types\/product"}],"wp:featuredmedia":[{"embeddable":true,"href":"https:\/\/vintageguitars.fr\/en\/wp-json\/wp\/v2\/media\/12165"}],"wp:attachment":[{"href":"https:\/\/vintageguitars.fr\/en\/wp-json\/wp\/v2\/media?parent=12178"}],"wp:term":[{"taxonomy":"product_brand","embeddable":true,"href":"https:\/\/vintageguitars.fr\/en\/wp-json\/wp\/v2\/product_brand?post=12178"},{"taxonomy":"product_cat","embeddable":true,"href":"https:\/\/vintageguitars.fr\/en\/wp-json\/wp\/v2\/product_cat?post=12178"},{"taxonomy":"product_tag","embeddable":true,"href":"https:\/\/vintageguitars.fr\/en\/wp-json\/wp\/v2\/product_tag?post=12178"}],"curies":[{"name":"wp","href":"https:\/\/api.w.org\/{rel}","templated":true}]}}