{"id":12099,"date":"2025-11-21T09:38:58","date_gmt":"2025-11-21T08:38:58","guid":{"rendered":"http:\/\/vintageguitars.fr\/en\/product\/binson-pe-603m\/"},"modified":"2026-03-16T18:17:46","modified_gmt":"2026-03-16T17:17:46","slug":"binson-pe-603m","status":"publish","type":"product","link":"https:\/\/vintageguitars.fr\/en\/produit\/binson-pe-603m\/","title":{"rendered":"Binson PE 603M"},"content":{"rendered":"<p>Cette chambre d&#8217;\u00e9cho est en excellent \u00e9tat et fonctionne parfaitement puisqu&#8217;elle fut enti\u00e8rement r\u00e9vis\u00e9e et optimis\u00e9e par un sp\u00e9cialiste de la question.<\/p>\n<p>J&#8217;en ai eu quelques-unes et c&#8217;est de loin la meilleure tant du point de vue fonctionnel qu&#8217;au niveau du son.<\/p>\n<p><span lang=\"fr-FR\">Celle-ci a b\u00e9n\u00e9fici\u00e9 d&#8217;une r\u00e9vision m\u00e9canique et \u00e9lectrique compl\u00e8te, y compris un rec\u00e2blage et un disque d&#8217;\u00e9poque neuf et jamais utilis\u00e9 ( NOS en bon fran\u00e7ais ). Les t\u00eates ont \u00e9t\u00e9 restaur\u00e9es et r\u00e9align\u00e9es pour des performances optimales. Tout cela fut r\u00e9alis\u00e9 par Soundgas au Royaume-Uni, experts de ces machines.<\/span><\/p>\n<p>C&#8217;est un outil tr\u00e8s psych\u00e9 et vraiment inspirant. On peut basculer entre l&#8217;\u00e9cho ou la r\u00e9p\u00e9titon, avec une ou plusieurs t\u00eates.<\/p>\n<p>Il dispose d&#8217;un s\u00e9lecteur de tension et peut donc \u00eatre utilis\u00e9 dans le monde entier sans modification.<\/p>\n<p>&nbsp;<\/p>\n<p>&nbsp;<\/p>\n","protected":false},"excerpt":{"rendered":"<p>Cette chambre d&#8217;\u00e9cho est en excellent \u00e9tat et fonctionne parfaitement puisqu&#8217;elle fut enti\u00e8rement r\u00e9vis\u00e9e et optimis\u00e9e par un sp\u00e9cialiste de la question. J&#8217;en ai eu quelques-unes et c&#8217;est de loin la meilleure tant du point de vue fonctionnel qu&#8217;au niveau du son. Celle-ci a b\u00e9n\u00e9fici\u00e9 d&#8217;une r\u00e9vision m\u00e9canique et \u00e9lectrique compl\u00e8te, y compris un rec\u00e2blage [&hellip;]<\/p>\n","protected":false},"featured_media":11934,"template":"","meta":{"_acf_changed":false},"product_brand":[],"product_cat":[24,30],"product_tag":[],"class_list":{"0":"post-12099","1":"product","2":"type-product","3":"status-publish","4":"has-post-thumbnail","6":"product_cat-effects","7":"product_cat-sold","9":"first","10":"instock","11":"shipping-taxable","12":"purchasable","13":"product-type-simple"},"acf":[],"_links":{"self":[{"href":"https:\/\/vintageguitars.fr\/en\/wp-json\/wp\/v2\/product\/12099","targetHints":{"allow":["GET"]}}],"collection":[{"href":"https:\/\/vintageguitars.fr\/en\/wp-json\/wp\/v2\/product"}],"about":[{"href":"https:\/\/vintageguitars.fr\/en\/wp-json\/wp\/v2\/types\/product"}],"wp:featuredmedia":[{"embeddable":true,"href":"https:\/\/vintageguitars.fr\/en\/wp-json\/wp\/v2\/media\/11934"}],"wp:attachment":[{"href":"https:\/\/vintageguitars.fr\/en\/wp-json\/wp\/v2\/media?parent=12099"}],"wp:term":[{"taxonomy":"product_brand","embeddable":true,"href":"https:\/\/vintageguitars.fr\/en\/wp-json\/wp\/v2\/product_brand?post=12099"},{"taxonomy":"product_cat","embeddable":true,"href":"https:\/\/vintageguitars.fr\/en\/wp-json\/wp\/v2\/product_cat?post=12099"},{"taxonomy":"product_tag","embeddable":true,"href":"https:\/\/vintageguitars.fr\/en\/wp-json\/wp\/v2\/product_tag?post=12099"}],"curies":[{"name":"wp","href":"https:\/\/api.w.org\/{rel}","templated":true}]}}