{"id":11924,"date":"2020-02-26T13:40:42","date_gmt":"2020-02-26T12:40:42","guid":{"rendered":"http:\/\/vintageguitars.fr\/en\/product\/fender-coronado-xii-2\/"},"modified":"2020-05-06T21:27:52","modified_gmt":"2020-05-06T19:27:52","slug":"fender-coronado-xii-2","status":"publish","type":"product","link":"https:\/\/vintageguitars.fr\/en\/produit\/fender-coronado-xii-2\/","title":{"rendered":"Fender Coronado XII"},"content":{"rendered":"<p>Instrument particuli\u00e8rement jouable, enti\u00e8rement original \u00e0 l&#8217;exception du s\u00e9lecteur de position. Le vernis n&#8217;a que peu d&#8217;usure et le sunburst est \u00e9clatant, il n&#8217; a quasiment pas tourn\u00e9 avec les ann\u00e9es. Les parties m\u00e9talliques ne sont pas oxyd\u00e9es. La guitare est tr\u00e8s facile \u00e0 jouer et l&#8217;action basse, c&#8217;est un instrument vraiment tr\u00e8s bien pr\u00e9serv\u00e9 et en excellent \u00e9tat.<\/p>\n","protected":false},"excerpt":{"rendered":"<p>Instrument particuli\u00e8rement jouable, enti\u00e8rement original \u00e0 l&#8217;exception du s\u00e9lecteur de position. Le vernis n&#8217;a que peu d&#8217;usure et le sunburst est \u00e9clatant, il n&#8217; a quasiment pas tourn\u00e9 avec les ann\u00e9es. Les parties m\u00e9talliques ne sont pas oxyd\u00e9es. La guitare est tr\u00e8s facile \u00e0 jouer et l&#8217;action basse, c&#8217;est un instrument vraiment tr\u00e8s bien pr\u00e9serv\u00e9 [&hellip;]<\/p>\n","protected":false},"featured_media":11921,"template":"","meta":{"_acf_changed":false},"product_brand":[],"product_cat":[18,8,30],"product_tag":[],"class_list":{"0":"post-11924","1":"product","2":"type-product","3":"status-publish","4":"has-post-thumbnail","6":"product_cat-electric","7":"product_cat-guitars","8":"product_cat-sold","10":"first","11":"instock","12":"shipping-taxable","13":"purchasable","14":"product-type-simple"},"acf":[],"_links":{"self":[{"href":"https:\/\/vintageguitars.fr\/en\/wp-json\/wp\/v2\/product\/11924","targetHints":{"allow":["GET"]}}],"collection":[{"href":"https:\/\/vintageguitars.fr\/en\/wp-json\/wp\/v2\/product"}],"about":[{"href":"https:\/\/vintageguitars.fr\/en\/wp-json\/wp\/v2\/types\/product"}],"wp:featuredmedia":[{"embeddable":true,"href":"https:\/\/vintageguitars.fr\/en\/wp-json\/wp\/v2\/media\/11921"}],"wp:attachment":[{"href":"https:\/\/vintageguitars.fr\/en\/wp-json\/wp\/v2\/media?parent=11924"}],"wp:term":[{"taxonomy":"product_brand","embeddable":true,"href":"https:\/\/vintageguitars.fr\/en\/wp-json\/wp\/v2\/product_brand?post=11924"},{"taxonomy":"product_cat","embeddable":true,"href":"https:\/\/vintageguitars.fr\/en\/wp-json\/wp\/v2\/product_cat?post=11924"},{"taxonomy":"product_tag","embeddable":true,"href":"https:\/\/vintageguitars.fr\/en\/wp-json\/wp\/v2\/product_tag?post=11924"}],"curies":[{"name":"wp","href":"https:\/\/api.w.org\/{rel}","templated":true}]}}