{"id":11798,"date":"2020-02-13T16:39:43","date_gmt":"2020-02-13T15:39:43","guid":{"rendered":"http:\/\/vintageguitars.fr\/en\/product\/gibson-firebird\/"},"modified":"2020-02-22T11:25:47","modified_gmt":"2020-02-22T10:25:47","slug":"gibson-firebird","status":"publish","type":"product","link":"https:\/\/vintageguitars.fr\/en\/produit\/gibson-firebird\/","title":{"rendered":"Gibson Firebird"},"content":{"rendered":"<p>Une guitare de r\u00eave pour nombre d&#8217;entre vous \u00e0 en juger par l&#8217;engouement qu&#8217;a g\u00e9n\u00e9r\u00e9 la derni\u00e8re pass\u00e9e par ici. Celle-ci est un peu plus ancienne. Elle date de 1965. Son manche est l\u00e9g\u00e8rement plus large que la 67. La largeur au sillet est juste au dessus de 1 9\/16&#8243; quasi 1 10\/16&#8243; et surtout le profil du manche est assez charnu, tr\u00e8s droit et particuli\u00e8rement confortable. Le manche est vraiment un des gros points forts de cet instrument. L&#8217;acc\u00e8s aux aigus est quand m\u00eame assez dingue et l&#8217;action basse sans aucune frise. L&#8217;instrument est en bon \u00e9tat g\u00e9n\u00e9ral sans cassure ou r\u00e9paration. Non, le manche n&#8217;a pas \u00e9t\u00e9 cass\u00e9. Le vernis est original et l&#8217;\u00e9lectronique n&#8217;a jamais subi la moindre intervention. Il manque une vis du cache truss rod et la plaque de protection s&#8217;est comme bien souvent r\u00e9tract\u00e9e autour des vis, quasiment in\u00e9vitable sur les mod\u00e8les de ces ann\u00e9es l\u00e0. Les 2 P90 sont aussi bons l&#8217;un que l&#8217;autre. Mordants et p\u00e9chus. Toutes les pi\u00e8ces sont originales y compris les frettes qui sont encore d&#8217;un tr\u00e8s bon niveau. Aucune retouche de vernis. L&#8217;\u00e9tui rigide original est en bon \u00e9tat. Il a un trou caus\u00e9 par l&#8217;axe du bras de vibrato mais tous les fermoirs marchent. Le tissu \u00e9cossais est en bon \u00e9tat globalement.<\/p>\n","protected":false},"excerpt":{"rendered":"<p>Une guitare de r\u00eave pour nombre d&#8217;entre vous \u00e0 en juger par l&#8217;engouement qu&#8217;a g\u00e9n\u00e9r\u00e9 la derni\u00e8re pass\u00e9e par ici. Celle-ci est un peu plus ancienne. Elle date de 1965. Son manche est l\u00e9g\u00e8rement plus large que la 67. La largeur au sillet est juste au dessus de 1 9\/16&#8243; quasi 1 10\/16&#8243; et surtout [&hellip;]<\/p>\n","protected":false},"featured_media":11763,"template":"","meta":{"_acf_changed":false},"product_brand":[],"product_cat":[18,8,30],"product_tag":[],"class_list":{"0":"post-11798","1":"product","2":"type-product","3":"status-publish","4":"has-post-thumbnail","6":"product_cat-electric","7":"product_cat-guitars","8":"product_cat-sold","10":"first","11":"instock","12":"shipping-taxable","13":"purchasable","14":"product-type-simple"},"acf":[],"_links":{"self":[{"href":"https:\/\/vintageguitars.fr\/en\/wp-json\/wp\/v2\/product\/11798","targetHints":{"allow":["GET"]}}],"collection":[{"href":"https:\/\/vintageguitars.fr\/en\/wp-json\/wp\/v2\/product"}],"about":[{"href":"https:\/\/vintageguitars.fr\/en\/wp-json\/wp\/v2\/types\/product"}],"wp:featuredmedia":[{"embeddable":true,"href":"https:\/\/vintageguitars.fr\/en\/wp-json\/wp\/v2\/media\/11763"}],"wp:attachment":[{"href":"https:\/\/vintageguitars.fr\/en\/wp-json\/wp\/v2\/media?parent=11798"}],"wp:term":[{"taxonomy":"product_brand","embeddable":true,"href":"https:\/\/vintageguitars.fr\/en\/wp-json\/wp\/v2\/product_brand?post=11798"},{"taxonomy":"product_cat","embeddable":true,"href":"https:\/\/vintageguitars.fr\/en\/wp-json\/wp\/v2\/product_cat?post=11798"},{"taxonomy":"product_tag","embeddable":true,"href":"https:\/\/vintageguitars.fr\/en\/wp-json\/wp\/v2\/product_tag?post=11798"}],"curies":[{"name":"wp","href":"https:\/\/api.w.org\/{rel}","templated":true}]}}