{"id":11724,"date":"2020-02-10T17:10:19","date_gmt":"2020-02-10T16:10:19","guid":{"rendered":"http:\/\/vintageguitars.fr\/en\/product\/guild-g-75\/"},"modified":"2020-04-29T15:05:17","modified_gmt":"2020-04-29T13:05:17","slug":"guild-g-75","status":"publish","type":"product","link":"https:\/\/vintageguitars.fr\/en\/produit\/guild-g-75\/","title":{"rendered":"Guild G-75"},"content":{"rendered":"<p>Chouette format 3\/4 Guild avec dos et \u00e9clisses en palissandre massif s&#8217;il vous pla\u00eet.<\/p>\n<p>La guitare est en bon \u00e9tat g\u00e9n\u00e9ral avec bien entendu les quelques marques d&#8217;usage pour un instrument de cet \u00e2ge. Elle a par le pass\u00e9 \u00e9t\u00e9 munie d&#8217;un micro qui a ensuite \u00e9t\u00e9 retir\u00e9. Le jack est toujours l\u00e0 si jamais l&#8217;envie vous prenait de la r\u00e9-\u00e9quiper.<\/p>\n<p>Elle a une fente r\u00e9par\u00e9e sur le c\u00f4t\u00e9 de la table.<\/p>\n<p>L&#8217;action est moyenne avec 3,3mm \u00e0 la 12\u00e8me case.<\/p>\n<p>La photo avec la D35 vous donnera une id\u00e9e de la taille r\u00e9elle de la guitare.<\/p>\n<p>Elle appartenue \u00e0 Dick Annegarn dans les ann\u00e9es 70 ( et nous en avons la preuve).<\/p>\n<p>Elle est fournie avec son \u00e9tui rigide original, ce qui est bien car bonne chance pour en trouver un autre.<\/p>\n","protected":false},"excerpt":{"rendered":"<p>Chouette format 3\/4 Guild avec dos et \u00e9clisses en palissandre massif s&#8217;il vous pla\u00eet. La guitare est en bon \u00e9tat g\u00e9n\u00e9ral avec bien entendu les quelques marques d&#8217;usage pour un instrument de cet \u00e2ge. Elle a par le pass\u00e9 \u00e9t\u00e9 munie d&#8217;un micro qui a ensuite \u00e9t\u00e9 retir\u00e9. Le jack est toujours l\u00e0 si jamais [&hellip;]<\/p>\n","protected":false},"featured_media":11687,"template":"","meta":{"_acf_changed":false},"product_brand":[],"product_cat":[15,8,30],"product_tag":[],"class_list":{"0":"post-11724","1":"product","2":"type-product","3":"status-publish","4":"has-post-thumbnail","6":"product_cat-accoustic","7":"product_cat-guitars","8":"product_cat-sold","10":"first","11":"instock","12":"shipping-taxable","13":"purchasable","14":"product-type-simple"},"acf":[],"_links":{"self":[{"href":"https:\/\/vintageguitars.fr\/en\/wp-json\/wp\/v2\/product\/11724","targetHints":{"allow":["GET"]}}],"collection":[{"href":"https:\/\/vintageguitars.fr\/en\/wp-json\/wp\/v2\/product"}],"about":[{"href":"https:\/\/vintageguitars.fr\/en\/wp-json\/wp\/v2\/types\/product"}],"wp:featuredmedia":[{"embeddable":true,"href":"https:\/\/vintageguitars.fr\/en\/wp-json\/wp\/v2\/media\/11687"}],"wp:attachment":[{"href":"https:\/\/vintageguitars.fr\/en\/wp-json\/wp\/v2\/media?parent=11724"}],"wp:term":[{"taxonomy":"product_brand","embeddable":true,"href":"https:\/\/vintageguitars.fr\/en\/wp-json\/wp\/v2\/product_brand?post=11724"},{"taxonomy":"product_cat","embeddable":true,"href":"https:\/\/vintageguitars.fr\/en\/wp-json\/wp\/v2\/product_cat?post=11724"},{"taxonomy":"product_tag","embeddable":true,"href":"https:\/\/vintageguitars.fr\/en\/wp-json\/wp\/v2\/product_tag?post=11724"}],"curies":[{"name":"wp","href":"https:\/\/api.w.org\/{rel}","templated":true}]}}