{"id":11684,"date":"2020-02-10T17:05:42","date_gmt":"2020-02-10T16:05:42","guid":{"rendered":"http:\/\/vintageguitars.fr\/en\/product\/guild-f-112\/"},"modified":"2020-02-22T11:24:22","modified_gmt":"2020-02-22T10:24:22","slug":"guild-f-112","status":"publish","type":"product","link":"https:\/\/vintageguitars.fr\/en\/produit\/guild-f-112\/","title":{"rendered":"Guild F-112"},"content":{"rendered":"<p>Petit prix pour cette Guild 12 cordes. Elle a eu une r\u00e9paration de chevalet, bien ex\u00e9cut\u00e9e et tout \u00e0 fait solide ainsi qu&#8217;un changement de m\u00e9caniques ( les originales sont fournies) \u00a0C&#8217;est une guitare qui conviendra aux joueurs, plus qu&#8217;aux collectionneurs \u00e9videmment. Elle est \u00e9quip\u00e9e de Grover et d&#8217;un micro de rosace Seymour Duncan. Le manche est bien droit et l&#8217;action basse ce qui est loin d&#8217;\u00eatre un d\u00e9tail sur ce genre d&#8217;instrument. Elle est facile \u00e0 jouer et sonne vraiment bien. Guild est m\u00eame assez r\u00e9put\u00e9 pour ses 12 cordes. Le mod\u00e8le 112 est en entr\u00e9e de gamme mais il poss\u00e8de l&#8217;avantage de ne pas \u00eatre trop encombrant comme les mod\u00e8les sup\u00e9rieurs qui sont de taille jumbo. Voil\u00e0 donc une bonne 12 cordes qui ne gr\u00e8vera pas trop votre budget et qui s&#8217;av\u00e8re \u00eatre tout simplement un tr\u00e8s bon instrument de musique.<\/p>\n<p>En \u00e9tui rigide.<\/p>\n","protected":false},"excerpt":{"rendered":"<p>Petit prix pour cette Guild 12 cordes. Elle a eu une r\u00e9paration de chevalet, bien ex\u00e9cut\u00e9e et tout \u00e0 fait solide ainsi qu&#8217;un changement de m\u00e9caniques ( les originales sont fournies) \u00a0C&#8217;est une guitare qui conviendra aux joueurs, plus qu&#8217;aux collectionneurs \u00e9videmment. Elle est \u00e9quip\u00e9e de Grover et d&#8217;un micro de rosace Seymour Duncan. Le [&hellip;]<\/p>\n","protected":false},"featured_media":11673,"template":"","meta":{"_acf_changed":false},"product_brand":[],"product_cat":[15,8,30],"product_tag":[],"class_list":{"0":"post-11684","1":"product","2":"type-product","3":"status-publish","4":"has-post-thumbnail","6":"product_cat-accoustic","7":"product_cat-guitars","8":"product_cat-sold","10":"first","11":"instock","12":"shipping-taxable","13":"purchasable","14":"product-type-simple"},"acf":[],"_links":{"self":[{"href":"https:\/\/vintageguitars.fr\/en\/wp-json\/wp\/v2\/product\/11684","targetHints":{"allow":["GET"]}}],"collection":[{"href":"https:\/\/vintageguitars.fr\/en\/wp-json\/wp\/v2\/product"}],"about":[{"href":"https:\/\/vintageguitars.fr\/en\/wp-json\/wp\/v2\/types\/product"}],"wp:featuredmedia":[{"embeddable":true,"href":"https:\/\/vintageguitars.fr\/en\/wp-json\/wp\/v2\/media\/11673"}],"wp:attachment":[{"href":"https:\/\/vintageguitars.fr\/en\/wp-json\/wp\/v2\/media?parent=11684"}],"wp:term":[{"taxonomy":"product_brand","embeddable":true,"href":"https:\/\/vintageguitars.fr\/en\/wp-json\/wp\/v2\/product_brand?post=11684"},{"taxonomy":"product_cat","embeddable":true,"href":"https:\/\/vintageguitars.fr\/en\/wp-json\/wp\/v2\/product_cat?post=11684"},{"taxonomy":"product_tag","embeddable":true,"href":"https:\/\/vintageguitars.fr\/en\/wp-json\/wp\/v2\/product_tag?post=11684"}],"curies":[{"name":"wp","href":"https:\/\/api.w.org\/{rel}","templated":true}]}}