{"id":11669,"date":"2020-04-10T16:57:12","date_gmt":"2020-04-10T14:57:12","guid":{"rendered":"http:\/\/vintageguitars.fr\/en\/product\/epiphone-wilshire\/"},"modified":"2020-06-11T19:04:18","modified_gmt":"2020-06-11T17:04:18","slug":"epiphone-wilshire","status":"publish","type":"product","link":"https:\/\/vintageguitars.fr\/en\/produit\/epiphone-wilshire\/","title":{"rendered":"Epiphone Wilshire"},"content":{"rendered":"<p><strong>R\u00e9serv\u00e9e<\/strong><\/p>\n<p>A\u00efe a\u00efe a\u00efe.<\/p>\n<p>Quel instrument fantastique. Le manche, le feeling, le son, l&#8217;ergonomie. Tout y est. Toutes les pi\u00e8ces sont originales \u00e0 l&#8217;exception de l&#8217;attache courroie ( c&#8217;est un scandale, j&#8217;aurais pu \u00e9crire 100% originale, on y \u00e9tait presque). 2,780kg. 2 P90 \u00e0 d\u00e9corner les boeufs. Etui rigide moderne rectangulaire.<\/p>\n","protected":false},"excerpt":{"rendered":"<p>R\u00e9serv\u00e9e A\u00efe a\u00efe a\u00efe. Quel instrument fantastique. Le manche, le feeling, le son, l&#8217;ergonomie. Tout y est. Toutes les pi\u00e8ces sont originales \u00e0 l&#8217;exception de l&#8217;attache courroie ( c&#8217;est un scandale, j&#8217;aurais pu \u00e9crire 100% originale, on y \u00e9tait presque). 2,780kg. 2 P90 \u00e0 d\u00e9corner les boeufs. Etui rigide moderne rectangulaire.<\/p>\n","protected":false},"featured_media":11660,"template":"","meta":{"_acf_changed":false},"product_brand":[],"product_cat":[18,8,30],"product_tag":[],"class_list":{"0":"post-11669","1":"product","2":"type-product","3":"status-publish","4":"has-post-thumbnail","6":"product_cat-electric","7":"product_cat-guitars","8":"product_cat-sold","10":"first","11":"instock","12":"shipping-taxable","13":"product-type-simple"},"acf":[],"_links":{"self":[{"href":"https:\/\/vintageguitars.fr\/en\/wp-json\/wp\/v2\/product\/11669","targetHints":{"allow":["GET"]}}],"collection":[{"href":"https:\/\/vintageguitars.fr\/en\/wp-json\/wp\/v2\/product"}],"about":[{"href":"https:\/\/vintageguitars.fr\/en\/wp-json\/wp\/v2\/types\/product"}],"wp:featuredmedia":[{"embeddable":true,"href":"https:\/\/vintageguitars.fr\/en\/wp-json\/wp\/v2\/media\/11660"}],"wp:attachment":[{"href":"https:\/\/vintageguitars.fr\/en\/wp-json\/wp\/v2\/media?parent=11669"}],"wp:term":[{"taxonomy":"product_brand","embeddable":true,"href":"https:\/\/vintageguitars.fr\/en\/wp-json\/wp\/v2\/product_brand?post=11669"},{"taxonomy":"product_cat","embeddable":true,"href":"https:\/\/vintageguitars.fr\/en\/wp-json\/wp\/v2\/product_cat?post=11669"},{"taxonomy":"product_tag","embeddable":true,"href":"https:\/\/vintageguitars.fr\/en\/wp-json\/wp\/v2\/product_tag?post=11669"}],"curies":[{"name":"wp","href":"https:\/\/api.w.org\/{rel}","templated":true}]}}