{"id":11579,"date":"2021-10-10T18:57:45","date_gmt":"2021-10-10T16:57:45","guid":{"rendered":"http:\/\/vintageguitars.fr\/en\/product\/fender-mustang-daphne-blue\/"},"modified":"2021-11-13T14:15:35","modified_gmt":"2021-11-13T13:15:35","slug":"fender-mustang-daphne-blue","status":"publish","type":"product","link":"https:\/\/vintageguitars.fr\/en\/produit\/fender-mustang-daphne-blue\/","title":{"rendered":"Fender Mustang Daphne Blue"},"content":{"rendered":"<p>Celle-ci n&#8217;en est pas \u00e0 son premier boeuf. Elle a jou\u00e9 et en porte fi\u00e8rement les marques, cela \u00e9tant elle n&#8217;a pas \u00e9t\u00e9 maltrait\u00e9e. Les 2 mini switches coulissants ont \u00e9t\u00e9 remplac\u00e9s et elle a eu droit \u00e0 un refrettage en bonne et due forme, tr\u00e8s professionnel. Apr\u00e8s tant d&#8217;heures de jeu c&#8217;\u00e9tait bien normal. Elle sonne tr\u00e8s bien, l&#8217;\u00e9lectronique marche parfaitement. Le vernis a pris des coups mais il s&#8217;agit bien de la peinture originale. Elle est vendue avec un \u00e9tui en cuir japonais qui la suit depuis un bon moment.<\/p>\n","protected":false},"excerpt":{"rendered":"<p>Celle-ci n&#8217;en est pas \u00e0 son premier boeuf. Elle a jou\u00e9 et en porte fi\u00e8rement les marques, cela \u00e9tant elle n&#8217;a pas \u00e9t\u00e9 maltrait\u00e9e. Les 2 mini switches coulissants ont \u00e9t\u00e9 remplac\u00e9s et elle a eu droit \u00e0 un refrettage en bonne et due forme, tr\u00e8s professionnel. Apr\u00e8s tant d&#8217;heures de jeu c&#8217;\u00e9tait bien normal. [&hellip;]<\/p>\n","protected":false},"featured_media":17789,"template":"","meta":{"_acf_changed":false},"product_brand":[],"product_cat":[18,8,30],"product_tag":[],"class_list":{"0":"post-11579","1":"product","2":"type-product","3":"status-publish","4":"has-post-thumbnail","6":"product_cat-electric","7":"product_cat-guitars","8":"product_cat-sold","10":"first","11":"instock","12":"shipping-taxable","13":"purchasable","14":"product-type-simple"},"acf":[],"_links":{"self":[{"href":"https:\/\/vintageguitars.fr\/en\/wp-json\/wp\/v2\/product\/11579","targetHints":{"allow":["GET"]}}],"collection":[{"href":"https:\/\/vintageguitars.fr\/en\/wp-json\/wp\/v2\/product"}],"about":[{"href":"https:\/\/vintageguitars.fr\/en\/wp-json\/wp\/v2\/types\/product"}],"wp:featuredmedia":[{"embeddable":true,"href":"https:\/\/vintageguitars.fr\/en\/wp-json\/wp\/v2\/media\/17789"}],"wp:attachment":[{"href":"https:\/\/vintageguitars.fr\/en\/wp-json\/wp\/v2\/media?parent=11579"}],"wp:term":[{"taxonomy":"product_brand","embeddable":true,"href":"https:\/\/vintageguitars.fr\/en\/wp-json\/wp\/v2\/product_brand?post=11579"},{"taxonomy":"product_cat","embeddable":true,"href":"https:\/\/vintageguitars.fr\/en\/wp-json\/wp\/v2\/product_cat?post=11579"},{"taxonomy":"product_tag","embeddable":true,"href":"https:\/\/vintageguitars.fr\/en\/wp-json\/wp\/v2\/product_tag?post=11579"}],"curies":[{"name":"wp","href":"https:\/\/api.w.org\/{rel}","templated":true}]}}