{"id":11527,"date":"2020-01-31T18:19:23","date_gmt":"2020-01-31T17:19:23","guid":{"rendered":"http:\/\/vintageguitars.fr\/en\/product\/guild-m65\/"},"modified":"2020-05-15T13:15:09","modified_gmt":"2020-05-15T11:15:09","slug":"guild-m65","status":"publish","type":"product","link":"https:\/\/vintageguitars.fr\/en\/produit\/guild-m65\/","title":{"rendered":"Guild M65"},"content":{"rendered":"<p>Ce poids plume de 2,1kg est plaisir \u00e0 jouer. C&#8217;est un instrument maniable et dot\u00e9 d&#8217;un diapason long. Ce n&#8217;est pas une 3\/4 ! \u00a0Elle date de 1959, ann\u00e9e iconique pour la guitare s&#8217;il en est, et comme vous pouvez le constater elle a plut\u00f4t tr\u00e8s bien vieilli. Pas de r\u00e9paration ou d&#8217;\u00e9l\u00e9ments chang\u00e9s. Le micro Franz est toujours aussi dynamique. \u00a0L&#8217;\u00e9tui cartonn\u00e9 original est lui aussi en bon \u00e9tat. C&#8217;est souvent un indice que la guitare \u00e0 l&#8217;int\u00e9rieur a b\u00e9n\u00e9fici\u00e9 d&#8217;une attention particuli\u00e8re.<\/p>\n","protected":false},"excerpt":{"rendered":"<p>Ce poids plume de 2,1kg est plaisir \u00e0 jouer. C&#8217;est un instrument maniable et dot\u00e9 d&#8217;un diapason long. Ce n&#8217;est pas une 3\/4 ! \u00a0Elle date de 1959, ann\u00e9e iconique pour la guitare s&#8217;il en est, et comme vous pouvez le constater elle a plut\u00f4t tr\u00e8s bien vieilli. Pas de r\u00e9paration ou d&#8217;\u00e9l\u00e9ments chang\u00e9s. Le [&hellip;]<\/p>\n","protected":false},"featured_media":11529,"template":"","meta":{"_acf_changed":false},"product_brand":[],"product_cat":[18,8,30],"product_tag":[],"class_list":{"0":"post-11527","1":"product","2":"type-product","3":"status-publish","4":"has-post-thumbnail","6":"product_cat-electric","7":"product_cat-guitars","8":"product_cat-sold","10":"first","11":"instock","12":"shipping-taxable","13":"purchasable","14":"product-type-simple"},"acf":[],"_links":{"self":[{"href":"https:\/\/vintageguitars.fr\/en\/wp-json\/wp\/v2\/product\/11527","targetHints":{"allow":["GET"]}}],"collection":[{"href":"https:\/\/vintageguitars.fr\/en\/wp-json\/wp\/v2\/product"}],"about":[{"href":"https:\/\/vintageguitars.fr\/en\/wp-json\/wp\/v2\/types\/product"}],"wp:featuredmedia":[{"embeddable":true,"href":"https:\/\/vintageguitars.fr\/en\/wp-json\/wp\/v2\/media\/11529"}],"wp:attachment":[{"href":"https:\/\/vintageguitars.fr\/en\/wp-json\/wp\/v2\/media?parent=11527"}],"wp:term":[{"taxonomy":"product_brand","embeddable":true,"href":"https:\/\/vintageguitars.fr\/en\/wp-json\/wp\/v2\/product_brand?post=11527"},{"taxonomy":"product_cat","embeddable":true,"href":"https:\/\/vintageguitars.fr\/en\/wp-json\/wp\/v2\/product_cat?post=11527"},{"taxonomy":"product_tag","embeddable":true,"href":"https:\/\/vintageguitars.fr\/en\/wp-json\/wp\/v2\/product_tag?post=11527"}],"curies":[{"name":"wp","href":"https:\/\/api.w.org\/{rel}","templated":true}]}}