{"id":11465,"date":"2020-01-24T14:20:06","date_gmt":"2020-01-24T13:20:06","guid":{"rendered":"http:\/\/vintageguitars.fr\/en\/product\/martin-0-17\/"},"modified":"2020-02-06T16:36:20","modified_gmt":"2020-02-06T15:36:20","slug":"martin-0-17","status":"publish","type":"product","link":"https:\/\/vintageguitars.fr\/en\/produit\/martin-0-17\/","title":{"rendered":"Martin 0-17"},"content":{"rendered":"<p>Tr\u00e8s chouette petit format en tr\u00e8s bon \u00e9tat. \u00a0Elle date de 1936 quand m\u00eame. Elle porte quelques marques de jeu sur la table mais rien de bien m\u00e9chant. La guitare est bien jouable et le manche bien droit. C&#8217;est une guitare qui a \u00e9t\u00e9 \u00e9quip\u00e9e d&#8217;un micro dont la sortie \u00e9tait au niveau de l&#8217;attache courroie, ce qui a \u00e9t\u00e9 rebouch\u00e9 avec un petit plaquage en acajou ( facile de revenir une arri\u00e8re si n\u00e9cessaire). Les m\u00e9caniques originales sont dans l&#8217;\u00e9tui, celles-ci sont des modernes. La table, les \u00e9clisses, le fond et le manche sont r\u00e9alis\u00e9s avec un tr\u00e8s bel acajou du Honduras. La touche et le chevalet sont en Rio. \u00a0 C&#8217;est un instrument tr\u00e8s agr\u00e9able \u00e0 jouer, il est tr\u00e8s juste notamment gr\u00e2ce aux 2 nouveaux sillets en os et des frettes en bon \u00e9tat. Il est fourni avec un \u00e9tui moderne qui lui va tr\u00e8s bien.<\/p>\n","protected":false},"excerpt":{"rendered":"<p>Tr\u00e8s chouette petit format en tr\u00e8s bon \u00e9tat. \u00a0Elle date de 1936 quand m\u00eame. Elle porte quelques marques de jeu sur la table mais rien de bien m\u00e9chant. La guitare est bien jouable et le manche bien droit. C&#8217;est une guitare qui a \u00e9t\u00e9 \u00e9quip\u00e9e d&#8217;un micro dont la sortie \u00e9tait au niveau de l&#8217;attache [&hellip;]<\/p>\n","protected":false},"featured_media":11464,"template":"","meta":{"_acf_changed":false},"product_brand":[],"product_cat":[15,8,30],"product_tag":[],"class_list":{"0":"post-11465","1":"product","2":"type-product","3":"status-publish","4":"has-post-thumbnail","6":"product_cat-accoustic","7":"product_cat-guitars","8":"product_cat-sold","10":"first","11":"instock","12":"shipping-taxable","13":"purchasable","14":"product-type-simple"},"acf":[],"_links":{"self":[{"href":"https:\/\/vintageguitars.fr\/en\/wp-json\/wp\/v2\/product\/11465","targetHints":{"allow":["GET"]}}],"collection":[{"href":"https:\/\/vintageguitars.fr\/en\/wp-json\/wp\/v2\/product"}],"about":[{"href":"https:\/\/vintageguitars.fr\/en\/wp-json\/wp\/v2\/types\/product"}],"wp:featuredmedia":[{"embeddable":true,"href":"https:\/\/vintageguitars.fr\/en\/wp-json\/wp\/v2\/media\/11464"}],"wp:attachment":[{"href":"https:\/\/vintageguitars.fr\/en\/wp-json\/wp\/v2\/media?parent=11465"}],"wp:term":[{"taxonomy":"product_brand","embeddable":true,"href":"https:\/\/vintageguitars.fr\/en\/wp-json\/wp\/v2\/product_brand?post=11465"},{"taxonomy":"product_cat","embeddable":true,"href":"https:\/\/vintageguitars.fr\/en\/wp-json\/wp\/v2\/product_cat?post=11465"},{"taxonomy":"product_tag","embeddable":true,"href":"https:\/\/vintageguitars.fr\/en\/wp-json\/wp\/v2\/product_tag?post=11465"}],"curies":[{"name":"wp","href":"https:\/\/api.w.org\/{rel}","templated":true}]}}