{"id":11399,"date":"2020-01-20T10:51:40","date_gmt":"2020-01-20T09:51:40","guid":{"rendered":"http:\/\/vintageguitars.fr\/en\/product\/fender-duosonic-3\/"},"modified":"2020-02-26T08:01:43","modified_gmt":"2020-02-26T07:01:43","slug":"fender-duosonic-3","status":"publish","type":"product","link":"https:\/\/vintageguitars.fr\/en\/produit\/fender-duosonic-3\/","title":{"rendered":"Fender Duosonic"},"content":{"rendered":"<p>Tr\u00e8s chouette instrument bien dans l&#8217;esprit 50s Fender.<\/p>\n<p>C&#8217;est un diapason court, fort agr\u00e9able \u00e0 jouer.<\/p>\n<p>L&#8217;instrument est enti\u00e8rement originale \u00e0 l&#8217;exception d&#8217;un refrettage de qualit\u00e9.<\/p>\n<p>En \u00a0\u00e9tui rigide original .<\/p>\n","protected":false},"excerpt":{"rendered":"<p>Tr\u00e8s chouette instrument bien dans l&#8217;esprit 50s Fender. C&#8217;est un diapason court, fort agr\u00e9able \u00e0 jouer. L&#8217;instrument est enti\u00e8rement originale \u00e0 l&#8217;exception d&#8217;un refrettage de qualit\u00e9. En \u00a0\u00e9tui rigide original .<\/p>\n","protected":false},"featured_media":11358,"template":"","meta":{"_acf_changed":false},"product_brand":[],"product_cat":[18,8,30],"product_tag":[],"class_list":{"0":"post-11399","1":"product","2":"type-product","3":"status-publish","4":"has-post-thumbnail","6":"product_cat-electric","7":"product_cat-guitars","8":"product_cat-sold","10":"first","11":"instock","12":"shipping-taxable","13":"purchasable","14":"product-type-simple"},"acf":[],"_links":{"self":[{"href":"https:\/\/vintageguitars.fr\/en\/wp-json\/wp\/v2\/product\/11399","targetHints":{"allow":["GET"]}}],"collection":[{"href":"https:\/\/vintageguitars.fr\/en\/wp-json\/wp\/v2\/product"}],"about":[{"href":"https:\/\/vintageguitars.fr\/en\/wp-json\/wp\/v2\/types\/product"}],"wp:featuredmedia":[{"embeddable":true,"href":"https:\/\/vintageguitars.fr\/en\/wp-json\/wp\/v2\/media\/11358"}],"wp:attachment":[{"href":"https:\/\/vintageguitars.fr\/en\/wp-json\/wp\/v2\/media?parent=11399"}],"wp:term":[{"taxonomy":"product_brand","embeddable":true,"href":"https:\/\/vintageguitars.fr\/en\/wp-json\/wp\/v2\/product_brand?post=11399"},{"taxonomy":"product_cat","embeddable":true,"href":"https:\/\/vintageguitars.fr\/en\/wp-json\/wp\/v2\/product_cat?post=11399"},{"taxonomy":"product_tag","embeddable":true,"href":"https:\/\/vintageguitars.fr\/en\/wp-json\/wp\/v2\/product_tag?post=11399"}],"curies":[{"name":"wp","href":"https:\/\/api.w.org\/{rel}","templated":true}]}}