{"id":11300,"date":"2020-01-08T13:50:21","date_gmt":"2020-01-08T12:50:21","guid":{"rendered":"http:\/\/vintageguitars.fr\/en\/product\/gibson-les-paul-custom-4\/"},"modified":"2020-05-06T21:29:14","modified_gmt":"2020-05-06T19:29:14","slug":"gibson-les-paul-custom-4","status":"publish","type":"product","link":"https:\/\/vintageguitars.fr\/en\/produit\/gibson-les-paul-custom-4\/","title":{"rendered":"Gibson Les Paul Custom"},"content":{"rendered":"<p><strong>VENDUE<\/strong><\/p>\n<p>Derni\u00e8re version de la Les Paul en 1969 sans volute. Tenon transitionnel. Ce mod\u00e8le est en tr\u00e8s bon \u00e9tat sans aucune r\u00e9paration du manche ou de la caisse. Le vernis est enti\u00e8rement original et l&#8217;\u00e9lectronique n&#8217;a jamais \u00e9t\u00e9 touch\u00e9e (nous avons \u00e9norm\u00e9ment de photos pour \u00e9tayer tout cela). La guitare a \u00e9t\u00e9 refrett\u00e9e et une courte portion du binding recoll\u00e9. Fournie en \u00e9tui chainsaw 80s, tr\u00e8s protecteur.<\/p>\n","protected":false},"excerpt":{"rendered":"<p>VENDUE Derni\u00e8re version de la Les Paul en 1969 sans volute. Tenon transitionnel. Ce mod\u00e8le est en tr\u00e8s bon \u00e9tat sans aucune r\u00e9paration du manche ou de la caisse. Le vernis est enti\u00e8rement original et l&#8217;\u00e9lectronique n&#8217;a jamais \u00e9t\u00e9 touch\u00e9e (nous avons \u00e9norm\u00e9ment de photos pour \u00e9tayer tout cela). La guitare a \u00e9t\u00e9 refrett\u00e9e et [&hellip;]<\/p>\n","protected":false},"featured_media":11286,"template":"","meta":{"_acf_changed":false},"product_brand":[],"product_cat":[18,8,30],"product_tag":[],"class_list":{"0":"post-11300","1":"product","2":"type-product","3":"status-publish","4":"has-post-thumbnail","6":"product_cat-electric","7":"product_cat-guitars","8":"product_cat-sold","10":"first","11":"instock","12":"shipping-taxable","13":"product-type-simple"},"acf":[],"_links":{"self":[{"href":"https:\/\/vintageguitars.fr\/en\/wp-json\/wp\/v2\/product\/11300","targetHints":{"allow":["GET"]}}],"collection":[{"href":"https:\/\/vintageguitars.fr\/en\/wp-json\/wp\/v2\/product"}],"about":[{"href":"https:\/\/vintageguitars.fr\/en\/wp-json\/wp\/v2\/types\/product"}],"wp:featuredmedia":[{"embeddable":true,"href":"https:\/\/vintageguitars.fr\/en\/wp-json\/wp\/v2\/media\/11286"}],"wp:attachment":[{"href":"https:\/\/vintageguitars.fr\/en\/wp-json\/wp\/v2\/media?parent=11300"}],"wp:term":[{"taxonomy":"product_brand","embeddable":true,"href":"https:\/\/vintageguitars.fr\/en\/wp-json\/wp\/v2\/product_brand?post=11300"},{"taxonomy":"product_cat","embeddable":true,"href":"https:\/\/vintageguitars.fr\/en\/wp-json\/wp\/v2\/product_cat?post=11300"},{"taxonomy":"product_tag","embeddable":true,"href":"https:\/\/vintageguitars.fr\/en\/wp-json\/wp\/v2\/product_tag?post=11300"}],"curies":[{"name":"wp","href":"https:\/\/api.w.org\/{rel}","templated":true}]}}