{"id":11269,"date":"2019-11-20T15:27:13","date_gmt":"2019-11-20T14:27:13","guid":{"rendered":"http:\/\/vintageguitars.fr\/en\/product\/gibson-es-335-td-2\/"},"modified":"2020-01-20T10:29:00","modified_gmt":"2020-01-20T09:29:00","slug":"gibson-es-335-td-2","status":"publish","type":"product","link":"https:\/\/vintageguitars.fr\/en\/produit\/gibson-es-335-td-2\/","title":{"rendered":"Gibson ES-335 TD"},"content":{"rendered":"<p>VENDUE<\/p>\n<p>&nbsp;<\/p>\n<p>J&#8217;ai eu la chance d&#8217;avoir quelques ES de la premi\u00e8re moiti\u00e9 des ann\u00e9es 60 entre les mains ces derni\u00e8res ann\u00e9es et c&#8217;est toujours le m\u00eame plaisir. Celle-ci poss\u00e8de un manche d&#8217;un largeur de 42,15mm au sillet et avec un profil moyennement \u00e9pais, tr\u00e8s agr\u00e9able et qui semble \u00e9vident en fait. C&#8217;est un r\u00e9gal et franchement on se demande pourquoi ils ont arr\u00eat\u00e9 de les faire ainsi. Les 2 micros originaux sonnent tr\u00e8s bien, ils sont bien clairs et d\u00e9finis \u00e0 la mani\u00e8re de bons PAFs. Le micro manche a \u00e9t\u00e9 ouvert pour ressouder la masse. Comme le sais-je? Et bien on voit qu&#8217;il a \u00e9t\u00e9 amen\u00e9 \u00e0 la soudure du capot. Certes le pr\u00e9c\u00e9dent propri\u00e9taire me l&#8217;avait dit&#8230;et il est bien plac\u00e9 pour le savoir puisqu&#8217;il a achet\u00e9 cette guitare \u00e0 Paris en 1969 ! Aucune r\u00e9paration ou cassure. Le capuchon du s\u00e9lecteur de position est m\u00e9tallique, il semblerait qu&#8217;il ait \u00e9t\u00e9 chang\u00e9 avant 1969, ces petits \u00e9l\u00e9ments plastiques ayant une tendance certaine \u00e0 fendre. C&#8217;est une guitare qui a jou\u00e9 comme en t\u00e9moigne l&#8217;usure au dos de la guitare. Le frettage est en bon \u00e9tat, il aurait \u00e9t\u00e9 refait l\u00e0 aussi avant 1969 avec des frettes de la bonne taille. La m\u00e9canique de r\u00e9 est un peu tordue. Voil\u00e0 pour les petits points de d\u00e9tail qu&#8217;il me parait n\u00e9cessaire de mentionner afin d&#8217;\u00eatre exhaustif. Tous les autres \u00e9l\u00e9ments sont originaux. C&#8217;est un instrument de grande qualit\u00e9, parmi ce qui se fait de mieux en ES Gibson, dot\u00e9 d&#8217;un tr\u00e8s bon sustain, tout y est, la richesse, l&#8217;\u00e9quilibre, l&#8217;harmonie. C&#8217;est un mod\u00e8le stop tail d&#8217;origine. Il n&#8217;a jamais eu de Bigsby, ce qui est rare et tr\u00e8s pris\u00e9 comme vous le savez certainement.\u00a0Etui Lifton en \u00e9tat correct, la poign\u00e9e est originale, les fermoirs et charni\u00e8res fonctionnels.<\/p>\n","protected":false},"excerpt":{"rendered":"<p>VENDUE &nbsp; J&#8217;ai eu la chance d&#8217;avoir quelques ES de la premi\u00e8re moiti\u00e9 des ann\u00e9es 60 entre les mains ces derni\u00e8res ann\u00e9es et c&#8217;est toujours le m\u00eame plaisir. Celle-ci poss\u00e8de un manche d&#8217;un largeur de 42,15mm au sillet et avec un profil moyennement \u00e9pais, tr\u00e8s agr\u00e9able et qui semble \u00e9vident en fait. C&#8217;est un r\u00e9gal [&hellip;]<\/p>\n","protected":false},"featured_media":11057,"template":"","meta":{"_acf_changed":false},"product_brand":[],"product_cat":[18,8,30],"product_tag":[],"class_list":{"0":"post-11269","1":"product","2":"type-product","3":"status-publish","4":"has-post-thumbnail","6":"product_cat-electric","7":"product_cat-guitars","8":"product_cat-sold","10":"first","11":"instock","12":"shipping-taxable","13":"product-type-simple"},"acf":[],"_links":{"self":[{"href":"https:\/\/vintageguitars.fr\/en\/wp-json\/wp\/v2\/product\/11269","targetHints":{"allow":["GET"]}}],"collection":[{"href":"https:\/\/vintageguitars.fr\/en\/wp-json\/wp\/v2\/product"}],"about":[{"href":"https:\/\/vintageguitars.fr\/en\/wp-json\/wp\/v2\/types\/product"}],"wp:featuredmedia":[{"embeddable":true,"href":"https:\/\/vintageguitars.fr\/en\/wp-json\/wp\/v2\/media\/11057"}],"wp:attachment":[{"href":"https:\/\/vintageguitars.fr\/en\/wp-json\/wp\/v2\/media?parent=11269"}],"wp:term":[{"taxonomy":"product_brand","embeddable":true,"href":"https:\/\/vintageguitars.fr\/en\/wp-json\/wp\/v2\/product_brand?post=11269"},{"taxonomy":"product_cat","embeddable":true,"href":"https:\/\/vintageguitars.fr\/en\/wp-json\/wp\/v2\/product_cat?post=11269"},{"taxonomy":"product_tag","embeddable":true,"href":"https:\/\/vintageguitars.fr\/en\/wp-json\/wp\/v2\/product_tag?post=11269"}],"curies":[{"name":"wp","href":"https:\/\/api.w.org\/{rel}","templated":true}]}}