{"id":11230,"date":"2019-12-14T14:23:51","date_gmt":"2019-12-14T13:23:51","guid":{"rendered":"http:\/\/vintageguitars.fr\/en\/product\/fender-telecaster-rosewood\/"},"modified":"2020-02-12T13:18:48","modified_gmt":"2020-02-12T12:18:48","slug":"fender-telecaster-rosewood","status":"publish","type":"product","link":"https:\/\/vintageguitars.fr\/en\/produit\/fender-telecaster-rosewood\/","title":{"rendered":"Fender Telecaster Rosewood"},"content":{"rendered":"<p>Cette guitare fut achet\u00e9e d&#8217;occasion chez Marcel Dadi en mai 1984 et fit le bonheur du m\u00eame guitariste jusqu&#8217;\u00e0 ce qu&#8217;il veuille bien nous la c\u00e9der r\u00e9cemment. C&#8217;est un instrument tr\u00e8s jouable avec un manche ultra confortable et un poids tr\u00e8s raisonnable. On pense souvent que ce sont des instruments lourds, et bien d\u00e9trompez-vous avec son corps \u00e9vid\u00e9 elle affiche un petit 3,540kg sur la balance, ce qui est un poids id\u00e9al dont peu de Tele peuvent se targuer. L&#8217;ensemble de l&#8217;\u00e9lectronique est original ( potards, s\u00e9lecteurs, micros) on notera juste que le micro chevalet a \u00e9t\u00e9 rebobin\u00e9. Op\u00e9ration ex\u00e9cut\u00e9e de main de ma\u00eetre par Tom Marceau ( qu&#8217;il en soit remerci\u00e9). Le micro manche poss\u00e8de 2 vis de r\u00e9glage, petite modification astucieuse. Les m\u00e9caniques sont des r\u00e9\u00e9ditions des ann\u00e9es 70. L&#8217;\u00e9tui rigide est en tr\u00e8s bon \u00e9tat et tout \u00e0 fait fonctionnel. Un mod\u00e8le rare et excessivement difficile \u00e0 trouver.<\/p>\n","protected":false},"excerpt":{"rendered":"<p>Cette guitare fut achet\u00e9e d&#8217;occasion chez Marcel Dadi en mai 1984 et fit le bonheur du m\u00eame guitariste jusqu&#8217;\u00e0 ce qu&#8217;il veuille bien nous la c\u00e9der r\u00e9cemment. C&#8217;est un instrument tr\u00e8s jouable avec un manche ultra confortable et un poids tr\u00e8s raisonnable. On pense souvent que ce sont des instruments lourds, et bien d\u00e9trompez-vous avec [&hellip;]<\/p>\n","protected":false},"featured_media":11209,"template":"","meta":{"_acf_changed":false},"product_brand":[],"product_cat":[18,8,30],"product_tag":[],"class_list":{"0":"post-11230","1":"product","2":"type-product","3":"status-publish","4":"has-post-thumbnail","6":"product_cat-electric","7":"product_cat-guitars","8":"product_cat-sold","10":"first","11":"instock","12":"shipping-taxable","13":"purchasable","14":"product-type-simple"},"acf":[],"_links":{"self":[{"href":"https:\/\/vintageguitars.fr\/en\/wp-json\/wp\/v2\/product\/11230","targetHints":{"allow":["GET"]}}],"collection":[{"href":"https:\/\/vintageguitars.fr\/en\/wp-json\/wp\/v2\/product"}],"about":[{"href":"https:\/\/vintageguitars.fr\/en\/wp-json\/wp\/v2\/types\/product"}],"wp:featuredmedia":[{"embeddable":true,"href":"https:\/\/vintageguitars.fr\/en\/wp-json\/wp\/v2\/media\/11209"}],"wp:attachment":[{"href":"https:\/\/vintageguitars.fr\/en\/wp-json\/wp\/v2\/media?parent=11230"}],"wp:term":[{"taxonomy":"product_brand","embeddable":true,"href":"https:\/\/vintageguitars.fr\/en\/wp-json\/wp\/v2\/product_brand?post=11230"},{"taxonomy":"product_cat","embeddable":true,"href":"https:\/\/vintageguitars.fr\/en\/wp-json\/wp\/v2\/product_cat?post=11230"},{"taxonomy":"product_tag","embeddable":true,"href":"https:\/\/vintageguitars.fr\/en\/wp-json\/wp\/v2\/product_tag?post=11230"}],"curies":[{"name":"wp","href":"https:\/\/api.w.org\/{rel}","templated":true}]}}