{"id":11154,"date":"2019-12-09T19:31:18","date_gmt":"2019-12-09T18:31:18","guid":{"rendered":"http:\/\/vintageguitars.fr\/en\/product\/gibson-j-100\/"},"modified":"2020-05-04T12:33:51","modified_gmt":"2020-05-04T10:33:51","slug":"gibson-j-100","status":"publish","type":"product","link":"https:\/\/vintageguitars.fr\/en\/produit\/gibson-j-100\/","title":{"rendered":"Gibson J-100"},"content":{"rendered":"<p>Mod\u00e8le jumbo int\u00e9ressant si la d\u00e9co country de la J-200 n&#8217;est pas trop votre truc&#8230; Cette version sobre de la jumbo Gibson est en excellent \u00e9tat, sans fente ou r\u00e9paration. Elle est dot\u00e9e d&#8217;une bonne pression acoustique et d&#8217;une forte projection. C&#8217;est une guitare assez peu courante et assez int\u00e9ressante, et elle d\u00e9montre si besoin \u00e9tait que tout n&#8217;\u00e9tait pas mauvais dans les ann\u00e9es 70, loin de l\u00e0. C&#8217;est une guitare vibrante et agr\u00e9able \u00e0 jouer. Le manche est bien droit et l&#8217;action confortable. Le prix n&#8217;atteint pas les sommets des grandes jumbos Gibson ann\u00e9es 50-60 et c&#8217;est \u00e0 mon sens un tr\u00e8s bon rapport qualit\u00e9 prix. \u00a0En \u00e9tui tweed r\u00e9cent.<\/p>\n","protected":false},"excerpt":{"rendered":"<p>Mod\u00e8le jumbo int\u00e9ressant si la d\u00e9co country de la J-200 n&#8217;est pas trop votre truc&#8230; Cette version sobre de la jumbo Gibson est en excellent \u00e9tat, sans fente ou r\u00e9paration. Elle est dot\u00e9e d&#8217;une bonne pression acoustique et d&#8217;une forte projection. C&#8217;est une guitare assez peu courante et assez int\u00e9ressante, et elle d\u00e9montre si besoin [&hellip;]<\/p>\n","protected":false},"featured_media":11131,"template":"","meta":{"_acf_changed":false},"product_brand":[],"product_cat":[15,8,30],"product_tag":[],"class_list":{"0":"post-11154","1":"product","2":"type-product","3":"status-publish","4":"has-post-thumbnail","6":"product_cat-accoustic","7":"product_cat-guitars","8":"product_cat-sold","10":"first","11":"instock","12":"shipping-taxable","13":"purchasable","14":"product-type-simple"},"acf":[],"_links":{"self":[{"href":"https:\/\/vintageguitars.fr\/en\/wp-json\/wp\/v2\/product\/11154","targetHints":{"allow":["GET"]}}],"collection":[{"href":"https:\/\/vintageguitars.fr\/en\/wp-json\/wp\/v2\/product"}],"about":[{"href":"https:\/\/vintageguitars.fr\/en\/wp-json\/wp\/v2\/types\/product"}],"wp:featuredmedia":[{"embeddable":true,"href":"https:\/\/vintageguitars.fr\/en\/wp-json\/wp\/v2\/media\/11131"}],"wp:attachment":[{"href":"https:\/\/vintageguitars.fr\/en\/wp-json\/wp\/v2\/media?parent=11154"}],"wp:term":[{"taxonomy":"product_brand","embeddable":true,"href":"https:\/\/vintageguitars.fr\/en\/wp-json\/wp\/v2\/product_brand?post=11154"},{"taxonomy":"product_cat","embeddable":true,"href":"https:\/\/vintageguitars.fr\/en\/wp-json\/wp\/v2\/product_cat?post=11154"},{"taxonomy":"product_tag","embeddable":true,"href":"https:\/\/vintageguitars.fr\/en\/wp-json\/wp\/v2\/product_tag?post=11154"}],"curies":[{"name":"wp","href":"https:\/\/api.w.org\/{rel}","templated":true}]}}