{"id":10985,"date":"2019-11-14T07:44:31","date_gmt":"2019-11-14T06:44:31","guid":{"rendered":"http:\/\/vintageguitars.fr\/en\/product\/guild-ce-100\/"},"modified":"2020-01-08T13:29:43","modified_gmt":"2020-01-08T12:29:43","slug":"guild-ce-100","status":"publish","type":"product","link":"https:\/\/vintageguitars.fr\/en\/produit\/guild-ce-100\/","title":{"rendered":"Guild CE-100"},"content":{"rendered":"<p>Attention ceci n&#8217;est pas une guitare de jazz, elle est \u00e9quip\u00e9e de 2 micros Dearmond qui feront cruncher \u00e0 merveille votre ampli Vox pr\u00e9f\u00e9r\u00e9 ( avec le petit AC10 de 63 \u00e0 la boutique c&#8217;est extra). C&#8217;est un instrument en parfait \u00e9tat qui a b\u00e9n\u00e9fici\u00e9 d&#8217;une grande attention. Facile \u00e0 jouer, le manche est bien droit. Elle est fournie avec son \u00e9tui rigide original. Un excellent rapport qualit\u00e9\/prix si vous voulez mon avis.<\/p>\n","protected":false},"excerpt":{"rendered":"<p>Attention ceci n&#8217;est pas une guitare de jazz, elle est \u00e9quip\u00e9e de 2 micros Dearmond qui feront cruncher \u00e0 merveille votre ampli Vox pr\u00e9f\u00e9r\u00e9 ( avec le petit AC10 de 63 \u00e0 la boutique c&#8217;est extra). C&#8217;est un instrument en parfait \u00e9tat qui a b\u00e9n\u00e9fici\u00e9 d&#8217;une grande attention. Facile \u00e0 jouer, le manche est bien [&hellip;]<\/p>\n","protected":false},"featured_media":10956,"template":"","meta":{"_acf_changed":false},"product_brand":[],"product_cat":[18,8,30],"product_tag":[],"class_list":{"0":"post-10985","1":"product","2":"type-product","3":"status-publish","4":"has-post-thumbnail","6":"product_cat-electric","7":"product_cat-guitars","8":"product_cat-sold","10":"first","11":"instock","12":"shipping-taxable","13":"purchasable","14":"product-type-simple"},"acf":[],"_links":{"self":[{"href":"https:\/\/vintageguitars.fr\/en\/wp-json\/wp\/v2\/product\/10985","targetHints":{"allow":["GET"]}}],"collection":[{"href":"https:\/\/vintageguitars.fr\/en\/wp-json\/wp\/v2\/product"}],"about":[{"href":"https:\/\/vintageguitars.fr\/en\/wp-json\/wp\/v2\/types\/product"}],"wp:featuredmedia":[{"embeddable":true,"href":"https:\/\/vintageguitars.fr\/en\/wp-json\/wp\/v2\/media\/10956"}],"wp:attachment":[{"href":"https:\/\/vintageguitars.fr\/en\/wp-json\/wp\/v2\/media?parent=10985"}],"wp:term":[{"taxonomy":"product_brand","embeddable":true,"href":"https:\/\/vintageguitars.fr\/en\/wp-json\/wp\/v2\/product_brand?post=10985"},{"taxonomy":"product_cat","embeddable":true,"href":"https:\/\/vintageguitars.fr\/en\/wp-json\/wp\/v2\/product_cat?post=10985"},{"taxonomy":"product_tag","embeddable":true,"href":"https:\/\/vintageguitars.fr\/en\/wp-json\/wp\/v2\/product_tag?post=10985"}],"curies":[{"name":"wp","href":"https:\/\/api.w.org\/{rel}","templated":true}]}}