{"id":10860,"date":"2019-10-28T17:36:13","date_gmt":"2019-10-28T16:36:13","guid":{"rendered":"http:\/\/vintageguitars.fr\/en\/product\/gibson-firebird-i\/"},"modified":"2020-01-20T10:30:29","modified_gmt":"2020-01-20T09:30:29","slug":"gibson-firebird-i","status":"publish","type":"product","link":"https:\/\/vintageguitars.fr\/en\/produit\/gibson-firebird-i\/","title":{"rendered":"Gibson Firebird I"},"content":{"rendered":"<p>VENDUE<\/p>\n<p>&nbsp;<\/p>\n<p>Enti\u00e8rement originale ( \u00e0 l&#8217;exception de m\u00e9caniques qui furent chang\u00e9es avant que ne soient r\u00e9install\u00e9es les originales). Electronique intacte et micros originaux. Le micro manche est monstrueux. La guitare vibre \u00a0tr\u00e8s bien. Pas facile de trouver une Firebird en si bon \u00e9tat, avec tous ses \u00e9l\u00e9ments d&#8217;origine et un manche non r\u00e9par\u00e9&#8230;.En \u00e9tui rigide original.<\/p>\n","protected":false},"excerpt":{"rendered":"<p>VENDUE &nbsp; Enti\u00e8rement originale ( \u00e0 l&#8217;exception de m\u00e9caniques qui furent chang\u00e9es avant que ne soient r\u00e9install\u00e9es les originales). Electronique intacte et micros originaux. Le micro manche est monstrueux. La guitare vibre \u00a0tr\u00e8s bien. Pas facile de trouver une Firebird en si bon \u00e9tat, avec tous ses \u00e9l\u00e9ments d&#8217;origine et un manche non r\u00e9par\u00e9&#8230;.En \u00e9tui [&hellip;]<\/p>\n","protected":false},"featured_media":10827,"template":"","meta":{"_acf_changed":false},"product_brand":[],"product_cat":[18,8,30],"product_tag":[],"class_list":{"0":"post-10860","1":"product","2":"type-product","3":"status-publish","4":"has-post-thumbnail","6":"product_cat-electric","7":"product_cat-guitars","8":"product_cat-sold","10":"first","11":"instock","12":"shipping-taxable","13":"product-type-simple"},"acf":[],"_links":{"self":[{"href":"https:\/\/vintageguitars.fr\/en\/wp-json\/wp\/v2\/product\/10860","targetHints":{"allow":["GET"]}}],"collection":[{"href":"https:\/\/vintageguitars.fr\/en\/wp-json\/wp\/v2\/product"}],"about":[{"href":"https:\/\/vintageguitars.fr\/en\/wp-json\/wp\/v2\/types\/product"}],"wp:featuredmedia":[{"embeddable":true,"href":"https:\/\/vintageguitars.fr\/en\/wp-json\/wp\/v2\/media\/10827"}],"wp:attachment":[{"href":"https:\/\/vintageguitars.fr\/en\/wp-json\/wp\/v2\/media?parent=10860"}],"wp:term":[{"taxonomy":"product_brand","embeddable":true,"href":"https:\/\/vintageguitars.fr\/en\/wp-json\/wp\/v2\/product_brand?post=10860"},{"taxonomy":"product_cat","embeddable":true,"href":"https:\/\/vintageguitars.fr\/en\/wp-json\/wp\/v2\/product_cat?post=10860"},{"taxonomy":"product_tag","embeddable":true,"href":"https:\/\/vintageguitars.fr\/en\/wp-json\/wp\/v2\/product_tag?post=10860"}],"curies":[{"name":"wp","href":"https:\/\/api.w.org\/{rel}","templated":true}]}}