{"id":10766,"date":"2019-10-28T17:42:25","date_gmt":"2019-10-28T16:42:25","guid":{"rendered":"http:\/\/vintageguitars.fr\/en\/product\/fender-jazzmaster-lake-placid-blue\/"},"modified":"2020-01-20T10:30:02","modified_gmt":"2020-01-20T09:30:02","slug":"fender-jazzmaster-lake-placid-blue","status":"publish","type":"product","link":"https:\/\/vintageguitars.fr\/en\/produit\/fender-jazzmaster-lake-placid-blue\/","title":{"rendered":"Fender Jazzmaster Lake Placid Blue"},"content":{"rendered":"<p><strong>VENDUE<\/strong><\/p>\n<p>Matching Headstock. Enti\u00e8rement originale, oui y compris le vernis, voil\u00e0 qui risque de faire tourner quelques t\u00eates.<\/p>\n","protected":false},"excerpt":{"rendered":"<p>VENDUE Matching Headstock. Enti\u00e8rement originale, oui y compris le vernis, voil\u00e0 qui risque de faire tourner quelques t\u00eates.<\/p>\n","protected":false},"featured_media":10755,"template":"","meta":{"_acf_changed":false},"product_brand":[],"product_cat":[18,8,30],"product_tag":[],"class_list":{"0":"post-10766","1":"product","2":"type-product","3":"status-publish","4":"has-post-thumbnail","6":"product_cat-electric","7":"product_cat-guitars","8":"product_cat-sold","10":"first","11":"instock","12":"shipping-taxable","13":"product-type-simple"},"acf":[],"_links":{"self":[{"href":"https:\/\/vintageguitars.fr\/en\/wp-json\/wp\/v2\/product\/10766","targetHints":{"allow":["GET"]}}],"collection":[{"href":"https:\/\/vintageguitars.fr\/en\/wp-json\/wp\/v2\/product"}],"about":[{"href":"https:\/\/vintageguitars.fr\/en\/wp-json\/wp\/v2\/types\/product"}],"wp:featuredmedia":[{"embeddable":true,"href":"https:\/\/vintageguitars.fr\/en\/wp-json\/wp\/v2\/media\/10755"}],"wp:attachment":[{"href":"https:\/\/vintageguitars.fr\/en\/wp-json\/wp\/v2\/media?parent=10766"}],"wp:term":[{"taxonomy":"product_brand","embeddable":true,"href":"https:\/\/vintageguitars.fr\/en\/wp-json\/wp\/v2\/product_brand?post=10766"},{"taxonomy":"product_cat","embeddable":true,"href":"https:\/\/vintageguitars.fr\/en\/wp-json\/wp\/v2\/product_cat?post=10766"},{"taxonomy":"product_tag","embeddable":true,"href":"https:\/\/vintageguitars.fr\/en\/wp-json\/wp\/v2\/product_tag?post=10766"}],"curies":[{"name":"wp","href":"https:\/\/api.w.org\/{rel}","templated":true}]}}