{"id":10733,"date":"2019-10-23T13:29:12","date_gmt":"2019-10-23T11:29:12","guid":{"rendered":"http:\/\/vintageguitars.fr\/en\/product\/fender-jaguar-firemist-gold\/"},"modified":"2020-01-20T10:30:48","modified_gmt":"2020-01-20T09:30:48","slug":"fender-jaguar-firemist-gold","status":"publish","type":"product","link":"https:\/\/vintageguitars.fr\/en\/produit\/fender-jaguar-firemist-gold\/","title":{"rendered":"Fender Jaguar Firemist Gold"},"content":{"rendered":"<p><strong>VENDUE<\/strong><\/p>\n<p>Ce n&#8217;est pas tous les jours que je suis en mesure de vous pr\u00e9senter ce qui suit.\u00a0Voici une Jaguar custom colour Firemist Gold enti\u00e8rement originale et fournie avec son \u00e9tui.<\/p>\n<p>C&#8217;est un instrument fantastique, extr\u00eamement facile \u00e0 jouer. Les micros r\u00e9pondent parfaitement. On peut m\u00eame dire qu&#8217;elle envoie du bois. Tous les pi\u00e8ces sont originales, pas une soudure n&#8217;a \u00e9t\u00e9 d\u00e9rang\u00e9e. Vous me ferez remarquer qu&#8217;elle a eu un autre jeu de m\u00e9caniques et que le jeu original a \u00e9t\u00e9 remis en place laissant appara\u00eetre un petit trou sous la m\u00e9canique du mi grave. Ce qui n&#8217;est pas bien grave mais mentionn\u00e9 par pur principe. Le vernis est en excellent \u00e9tat. L&#8217;\u00e9tui aussi. A ne pas rater.<\/p>\n<p>&nbsp;<\/p>\n","protected":false},"excerpt":{"rendered":"<p>VENDUE Ce n&#8217;est pas tous les jours que je suis en mesure de vous pr\u00e9senter ce qui suit.\u00a0Voici une Jaguar custom colour Firemist Gold enti\u00e8rement originale et fournie avec son \u00e9tui. C&#8217;est un instrument fantastique, extr\u00eamement facile \u00e0 jouer. Les micros r\u00e9pondent parfaitement. On peut m\u00eame dire qu&#8217;elle envoie du bois. Tous les pi\u00e8ces sont [&hellip;]<\/p>\n","protected":false},"featured_media":10730,"template":"","meta":{"_acf_changed":false},"product_brand":[],"product_cat":[18,8,30],"product_tag":[],"class_list":{"0":"post-10733","1":"product","2":"type-product","3":"status-publish","4":"has-post-thumbnail","6":"product_cat-electric","7":"product_cat-guitars","8":"product_cat-sold","10":"first","11":"instock","12":"shipping-taxable","13":"product-type-simple"},"acf":[],"_links":{"self":[{"href":"https:\/\/vintageguitars.fr\/en\/wp-json\/wp\/v2\/product\/10733","targetHints":{"allow":["GET"]}}],"collection":[{"href":"https:\/\/vintageguitars.fr\/en\/wp-json\/wp\/v2\/product"}],"about":[{"href":"https:\/\/vintageguitars.fr\/en\/wp-json\/wp\/v2\/types\/product"}],"wp:featuredmedia":[{"embeddable":true,"href":"https:\/\/vintageguitars.fr\/en\/wp-json\/wp\/v2\/media\/10730"}],"wp:attachment":[{"href":"https:\/\/vintageguitars.fr\/en\/wp-json\/wp\/v2\/media?parent=10733"}],"wp:term":[{"taxonomy":"product_brand","embeddable":true,"href":"https:\/\/vintageguitars.fr\/en\/wp-json\/wp\/v2\/product_brand?post=10733"},{"taxonomy":"product_cat","embeddable":true,"href":"https:\/\/vintageguitars.fr\/en\/wp-json\/wp\/v2\/product_cat?post=10733"},{"taxonomy":"product_tag","embeddable":true,"href":"https:\/\/vintageguitars.fr\/en\/wp-json\/wp\/v2\/product_tag?post=10733"}],"curies":[{"name":"wp","href":"https:\/\/api.w.org\/{rel}","templated":true}]}}