{"id":10706,"date":"2019-08-17T16:54:42","date_gmt":"2019-08-17T14:54:42","guid":{"rendered":"http:\/\/vintageguitars.fr\/en\/product\/gibson-es-345-td\/"},"modified":"2020-01-08T13:33:38","modified_gmt":"2020-01-08T12:33:38","slug":"gibson-es-345-td","status":"publish","type":"product","link":"https:\/\/vintageguitars.fr\/en\/produit\/gibson-es-345-td\/","title":{"rendered":"Gibson Es-345 TD"},"content":{"rendered":"<p><strong>VENDUE<\/strong><\/p>\n<p>&nbsp;<\/p>\n<p>Guitare enti\u00e8rement originale \u00e0 l&#8217;exception des m\u00e9caniques qui sont des reproductions Gibson qui ont quelques ann\u00e9es. Aucun trous suppl\u00e9mentaires, elles font la taille des Kluson.<\/p>\n<p>La guitare est cabl\u00e9e en st\u00e9r\u00e9o et se joue donc avec un c\u00e2ble en Y. Les 2 micros Patent Number sonnent tr\u00e8s bien, et l&#8217;\u00e9lectronique, y compris le varitone fonctionne sans probl\u00e8me.<\/p>\n<p>Le manche est bien droit et tr\u00e8s facile \u00e0 jouer.<\/p>\n<p>Pas de casse ou de r\u00e9paration.<\/p>\n<p>Elle est fournie avec son \u00e9tui qui a \u00e9t\u00e9 fait sur mesure en Angleterre d&#8217;apr\u00e8s le propri\u00e9taire pr\u00e9c\u00e9dent. Il n&#8217;est certes pas d&#8217;origine mais n\u00e9anmoins tr\u00e8s bien fait, lui va comme un gant et la prot\u00e8ge tr\u00e8s bien.<\/p>\n","protected":false},"excerpt":{"rendered":"<p>VENDUE &nbsp; Guitare enti\u00e8rement originale \u00e0 l&#8217;exception des m\u00e9caniques qui sont des reproductions Gibson qui ont quelques ann\u00e9es. Aucun trous suppl\u00e9mentaires, elles font la taille des Kluson. La guitare est cabl\u00e9e en st\u00e9r\u00e9o et se joue donc avec un c\u00e2ble en Y. Les 2 micros Patent Number sonnent tr\u00e8s bien, et l&#8217;\u00e9lectronique, y compris le [&hellip;]<\/p>\n","protected":false},"featured_media":10321,"template":"","meta":{"_acf_changed":false},"product_brand":[],"product_cat":[18,8,30],"product_tag":[],"class_list":{"0":"post-10706","1":"product","2":"type-product","3":"status-publish","4":"has-post-thumbnail","6":"product_cat-electric","7":"product_cat-guitars","8":"product_cat-sold","10":"first","11":"instock","12":"shipping-taxable","13":"product-type-simple"},"acf":[],"_links":{"self":[{"href":"https:\/\/vintageguitars.fr\/en\/wp-json\/wp\/v2\/product\/10706","targetHints":{"allow":["GET"]}}],"collection":[{"href":"https:\/\/vintageguitars.fr\/en\/wp-json\/wp\/v2\/product"}],"about":[{"href":"https:\/\/vintageguitars.fr\/en\/wp-json\/wp\/v2\/types\/product"}],"wp:featuredmedia":[{"embeddable":true,"href":"https:\/\/vintageguitars.fr\/en\/wp-json\/wp\/v2\/media\/10321"}],"wp:attachment":[{"href":"https:\/\/vintageguitars.fr\/en\/wp-json\/wp\/v2\/media?parent=10706"}],"wp:term":[{"taxonomy":"product_brand","embeddable":true,"href":"https:\/\/vintageguitars.fr\/en\/wp-json\/wp\/v2\/product_brand?post=10706"},{"taxonomy":"product_cat","embeddable":true,"href":"https:\/\/vintageguitars.fr\/en\/wp-json\/wp\/v2\/product_cat?post=10706"},{"taxonomy":"product_tag","embeddable":true,"href":"https:\/\/vintageguitars.fr\/en\/wp-json\/wp\/v2\/product_tag?post=10706"}],"curies":[{"name":"wp","href":"https:\/\/api.w.org\/{rel}","templated":true}]}}