{"id":10702,"date":"2019-09-24T09:15:55","date_gmt":"2019-09-24T07:15:55","guid":{"rendered":"http:\/\/vintageguitars.fr\/en\/product\/gibson-l-5s\/"},"modified":"2020-02-22T11:26:36","modified_gmt":"2020-02-22T10:26:36","slug":"gibson-l-5s","status":"publish","type":"product","link":"https:\/\/vintageguitars.fr\/en\/produit\/gibson-l-5s\/","title":{"rendered":"Gibson L-5S"},"content":{"rendered":"<p>Splendide instrument \u00e0 la table en une pi\u00e8ce, ce qui n&#8217;est pas courant, on trouve en effet plus souvent ces instruments avec des tables en 3 pi\u00e8ces qui ne sont pas du meilleur go\u00fbt. Ici les essences sont sublimes, un tr\u00e8s bel \u00e9rable flamm\u00e9, d&#8217;une pi\u00e8ce \u00e9galement au dos, relev\u00e9 par un joli cherry sunburst qui a gard\u00e9 tout son \u00e9clat. Les micros sont des basses imp\u00e9dances que l&#8217;on retrouve sur les Recording de l&#8217;\u00e9poque et qui avaient la pr\u00e9f\u00e9rence de Les Paul lui-m\u00eame. L&#8217;accastillage dor\u00e9 pr\u00e9sente quelques traces d&#8217;usure mais on peut dire que globalement la guitare est en excellent \u00e9tat. Enti\u00e8rement originale, y compris les frettes qui sont encore d&#8217;un tr\u00e8s bon niveau. Le manche est une merveille. Une vraie autoroute. A peine besoin d&#8217;appuyer. Le poids enfin est tr\u00e8s raisonnable puisqu&#8217;elle ne p\u00e8se &#8220;que&#8221; 4,3kg, ce qui est le poids d&#8217;une bonne Les Paul. Elle est fournie avec son \u00e9tui rigide original lui aussi en excellent \u00e9tat.<\/p>\n","protected":false},"excerpt":{"rendered":"<p>Splendide instrument \u00e0 la table en une pi\u00e8ce, ce qui n&#8217;est pas courant, on trouve en effet plus souvent ces instruments avec des tables en 3 pi\u00e8ces qui ne sont pas du meilleur go\u00fbt. Ici les essences sont sublimes, un tr\u00e8s bel \u00e9rable flamm\u00e9, d&#8217;une pi\u00e8ce \u00e9galement au dos, relev\u00e9 par un joli cherry sunburst [&hellip;]<\/p>\n","protected":false},"featured_media":10669,"template":"","meta":{"_acf_changed":false},"product_brand":[],"product_cat":[18,8,30],"product_tag":[],"class_list":{"0":"post-10702","1":"product","2":"type-product","3":"status-publish","4":"has-post-thumbnail","6":"product_cat-electric","7":"product_cat-guitars","8":"product_cat-sold","10":"first","11":"instock","12":"shipping-taxable","13":"purchasable","14":"product-type-simple"},"acf":[],"_links":{"self":[{"href":"https:\/\/vintageguitars.fr\/en\/wp-json\/wp\/v2\/product\/10702","targetHints":{"allow":["GET"]}}],"collection":[{"href":"https:\/\/vintageguitars.fr\/en\/wp-json\/wp\/v2\/product"}],"about":[{"href":"https:\/\/vintageguitars.fr\/en\/wp-json\/wp\/v2\/types\/product"}],"wp:featuredmedia":[{"embeddable":true,"href":"https:\/\/vintageguitars.fr\/en\/wp-json\/wp\/v2\/media\/10669"}],"wp:attachment":[{"href":"https:\/\/vintageguitars.fr\/en\/wp-json\/wp\/v2\/media?parent=10702"}],"wp:term":[{"taxonomy":"product_brand","embeddable":true,"href":"https:\/\/vintageguitars.fr\/en\/wp-json\/wp\/v2\/product_brand?post=10702"},{"taxonomy":"product_cat","embeddable":true,"href":"https:\/\/vintageguitars.fr\/en\/wp-json\/wp\/v2\/product_cat?post=10702"},{"taxonomy":"product_tag","embeddable":true,"href":"https:\/\/vintageguitars.fr\/en\/wp-json\/wp\/v2\/product_tag?post=10702"}],"curies":[{"name":"wp","href":"https:\/\/api.w.org\/{rel}","templated":true}]}}