{"id":10587,"date":"2019-09-24T08:48:43","date_gmt":"2019-09-24T06:48:43","guid":{"rendered":"http:\/\/vintageguitars.fr\/en\/product\/gibson-sg-special-2\/"},"modified":"2020-01-08T13:33:57","modified_gmt":"2020-01-08T12:33:57","slug":"gibson-sg-special-2","status":"publish","type":"product","link":"https:\/\/vintageguitars.fr\/en\/produit\/gibson-sg-special-2\/","title":{"rendered":"Gibson SG Special"},"content":{"rendered":"<p>Enti\u00e8rement originale et sans r\u00e9paration. La derni\u00e8re fois que j&#8217;ai pu dire \u00e7a d&#8217;une SG Special doit remonter \u00e0 un petit moment je pense&#8230;<\/p>\n<p>Celle-ci est l\u00e9g\u00e8re et vibrante ( 3kg avec le vibrato mont\u00e9!). Bien incisive.<\/p>\n<p>Hyper jouable avec un acc\u00e8s aux aigus total.<\/p>\n<p>Quelques petits pocs ici ou l\u00e0 mais rien de bien m\u00e9chant.<\/p>\n<p>En \u00e9tui rigide flight case.<\/p>\n","protected":false},"excerpt":{"rendered":"<p>Enti\u00e8rement originale et sans r\u00e9paration. La derni\u00e8re fois que j&#8217;ai pu dire \u00e7a d&#8217;une SG Special doit remonter \u00e0 un petit moment je pense&#8230; Celle-ci est l\u00e9g\u00e8re et vibrante ( 3kg avec le vibrato mont\u00e9!). Bien incisive. Hyper jouable avec un acc\u00e8s aux aigus total. Quelques petits pocs ici ou l\u00e0 mais rien de bien [&hellip;]<\/p>\n","protected":false},"featured_media":10569,"template":"","meta":{"_acf_changed":false},"product_brand":[],"product_cat":[18,8,30],"product_tag":[],"class_list":{"0":"post-10587","1":"product","2":"type-product","3":"status-publish","4":"has-post-thumbnail","6":"product_cat-electric","7":"product_cat-guitars","8":"product_cat-sold","10":"first","11":"instock","12":"shipping-taxable","13":"purchasable","14":"product-type-simple"},"acf":[],"_links":{"self":[{"href":"https:\/\/vintageguitars.fr\/en\/wp-json\/wp\/v2\/product\/10587","targetHints":{"allow":["GET"]}}],"collection":[{"href":"https:\/\/vintageguitars.fr\/en\/wp-json\/wp\/v2\/product"}],"about":[{"href":"https:\/\/vintageguitars.fr\/en\/wp-json\/wp\/v2\/types\/product"}],"wp:featuredmedia":[{"embeddable":true,"href":"https:\/\/vintageguitars.fr\/en\/wp-json\/wp\/v2\/media\/10569"}],"wp:attachment":[{"href":"https:\/\/vintageguitars.fr\/en\/wp-json\/wp\/v2\/media?parent=10587"}],"wp:term":[{"taxonomy":"product_brand","embeddable":true,"href":"https:\/\/vintageguitars.fr\/en\/wp-json\/wp\/v2\/product_brand?post=10587"},{"taxonomy":"product_cat","embeddable":true,"href":"https:\/\/vintageguitars.fr\/en\/wp-json\/wp\/v2\/product_cat?post=10587"},{"taxonomy":"product_tag","embeddable":true,"href":"https:\/\/vintageguitars.fr\/en\/wp-json\/wp\/v2\/product_tag?post=10587"}],"curies":[{"name":"wp","href":"https:\/\/api.w.org\/{rel}","templated":true}]}}