{"id":10484,"date":"2019-09-17T11:03:11","date_gmt":"2019-09-17T09:03:11","guid":{"rendered":"http:\/\/vintageguitars.fr\/en\/product\/fender-bassman\/"},"modified":"2019-11-25T18:58:25","modified_gmt":"2019-11-25T17:58:25","slug":"fender-bassman","status":"publish","type":"product","link":"https:\/\/vintageguitars.fr\/en\/produit\/fender-bassman\/","title":{"rendered":"Fender Bassman"},"content":{"rendered":"<p>Bassman de 1964. La grille a \u00e9t\u00e9 chang\u00e9e et un Celecstion G12 install\u00e9 dans le cab. Sonne tr\u00e8s bien.<\/p>\n","protected":false},"excerpt":{"rendered":"<p>Bassman de 1964. La grille a \u00e9t\u00e9 chang\u00e9e et un Celecstion G12 install\u00e9 dans le cab. Sonne tr\u00e8s bien.<\/p>\n","protected":false},"featured_media":10475,"template":"","meta":{"_acf_changed":false},"product_brand":[],"product_cat":[22,30],"product_tag":[],"class_list":{"0":"post-10484","1":"product","2":"type-product","3":"status-publish","4":"has-post-thumbnail","6":"product_cat-amps","7":"product_cat-sold","9":"first","10":"instock","11":"shipping-taxable","12":"purchasable","13":"product-type-simple"},"acf":[],"_links":{"self":[{"href":"https:\/\/vintageguitars.fr\/en\/wp-json\/wp\/v2\/product\/10484","targetHints":{"allow":["GET"]}}],"collection":[{"href":"https:\/\/vintageguitars.fr\/en\/wp-json\/wp\/v2\/product"}],"about":[{"href":"https:\/\/vintageguitars.fr\/en\/wp-json\/wp\/v2\/types\/product"}],"wp:featuredmedia":[{"embeddable":true,"href":"https:\/\/vintageguitars.fr\/en\/wp-json\/wp\/v2\/media\/10475"}],"wp:attachment":[{"href":"https:\/\/vintageguitars.fr\/en\/wp-json\/wp\/v2\/media?parent=10484"}],"wp:term":[{"taxonomy":"product_brand","embeddable":true,"href":"https:\/\/vintageguitars.fr\/en\/wp-json\/wp\/v2\/product_brand?post=10484"},{"taxonomy":"product_cat","embeddable":true,"href":"https:\/\/vintageguitars.fr\/en\/wp-json\/wp\/v2\/product_cat?post=10484"},{"taxonomy":"product_tag","embeddable":true,"href":"https:\/\/vintageguitars.fr\/en\/wp-json\/wp\/v2\/product_tag?post=10484"}],"curies":[{"name":"wp","href":"https:\/\/api.w.org\/{rel}","templated":true}]}}