{"id":10410,"date":"2019-09-16T15:35:57","date_gmt":"2019-09-16T13:35:57","guid":{"rendered":"http:\/\/vintageguitars.fr\/en\/product\/gibson-j-45-banner\/"},"modified":"2020-01-20T10:31:54","modified_gmt":"2020-01-20T09:31:54","slug":"gibson-j-45-banner","status":"publish","type":"product","link":"https:\/\/vintageguitars.fr\/en\/produit\/gibson-j-45-banner\/","title":{"rendered":"Gibson J-45 Banner"},"content":{"rendered":"<p><strong>VENDUE<\/strong><\/p>\n<p>Attention instrument exceptionnel.<\/p>\n<p>Cette banner est en parfait \u00e9tat, sans aucune fente ou r\u00e9paration. La guitare est facile \u00e0 jouer et tr\u00e8s juste. Elle a \u00e9t\u00e9 refrett\u00e9e tr\u00e8s professionnellement, l&#8217;intervention est m\u00eame quasiment invisible. Le sillet de t\u00eate et celui du chevalet sont des pi\u00e8ces en os r\u00e9centes, l\u00e0 aussi particuli\u00e8rement bien r\u00e9alis\u00e9es. Elle est une des derni\u00e8res \u00e0 avoir un truss rod. Les guitares produites apr\u00e8s l&#8217;\u00e9t\u00e9 1943 recevaient alors un renfort en \u00e9rable dans le manche, l&#8217;usage des m\u00e9taux \u00e9tant surtout destin\u00e9 \u00e0 l&#8217;effort de guerre. Cette guitare poss\u00e8de un manche d&#8217;une pi\u00e8ce en \u00e9rable et une table en \u00e9pic\u00e9a Adirondack. Parmi les autres sp\u00e9cificit\u00e9s recherch\u00e9s sur ces mod\u00e8les notez que le chevalet et la touche sont en Palissandre de Rio et non en Gumwood (Commidendrum Robustum) comme ce peut \u00eatre le cas pendant la guerre. Difficile de d\u00e9crire les sensations de jeu d&#8217;une Banner J45 sans accumuler les superlatifs. Pour faire court c&#8217;est exceptionnel et \u00e9tourdissant. L&#8217;\u00e9tui rigide a \u00e9t\u00e9 command\u00e9 sur mesure, il est tr\u00e8s protecteur et de tr\u00e8s bonne facture.<\/p>\n<p>L&#8217;\u00e9tat de cet instrument est exceptionnel, je ne peux pas insister suffisamment sur ce point. Il n&#8217;y a eu que 255 J-45 de produites en 1943. Tr\u00e8s peu ont surv\u00e9cu dans cet \u00e9tat. Pour ma part je n&#8217;en ai encore jamais vu d&#8217;aussi propre.<\/p>\n","protected":false},"excerpt":{"rendered":"<p>VENDUE Attention instrument exceptionnel. Cette banner est en parfait \u00e9tat, sans aucune fente ou r\u00e9paration. La guitare est facile \u00e0 jouer et tr\u00e8s juste. Elle a \u00e9t\u00e9 refrett\u00e9e tr\u00e8s professionnellement, l&#8217;intervention est m\u00eame quasiment invisible. Le sillet de t\u00eate et celui du chevalet sont des pi\u00e8ces en os r\u00e9centes, l\u00e0 aussi particuli\u00e8rement bien r\u00e9alis\u00e9es. Elle [&hellip;]<\/p>\n","protected":false},"featured_media":10405,"template":"","meta":{"_acf_changed":false},"product_brand":[],"product_cat":[15,8,30],"product_tag":[],"class_list":{"0":"post-10410","1":"product","2":"type-product","3":"status-publish","4":"has-post-thumbnail","6":"product_cat-accoustic","7":"product_cat-guitars","8":"product_cat-sold","10":"first","11":"instock","12":"shipping-taxable","13":"product-type-simple"},"acf":[],"_links":{"self":[{"href":"https:\/\/vintageguitars.fr\/en\/wp-json\/wp\/v2\/product\/10410","targetHints":{"allow":["GET"]}}],"collection":[{"href":"https:\/\/vintageguitars.fr\/en\/wp-json\/wp\/v2\/product"}],"about":[{"href":"https:\/\/vintageguitars.fr\/en\/wp-json\/wp\/v2\/types\/product"}],"wp:featuredmedia":[{"embeddable":true,"href":"https:\/\/vintageguitars.fr\/en\/wp-json\/wp\/v2\/media\/10405"}],"wp:attachment":[{"href":"https:\/\/vintageguitars.fr\/en\/wp-json\/wp\/v2\/media?parent=10410"}],"wp:term":[{"taxonomy":"product_brand","embeddable":true,"href":"https:\/\/vintageguitars.fr\/en\/wp-json\/wp\/v2\/product_brand?post=10410"},{"taxonomy":"product_cat","embeddable":true,"href":"https:\/\/vintageguitars.fr\/en\/wp-json\/wp\/v2\/product_cat?post=10410"},{"taxonomy":"product_tag","embeddable":true,"href":"https:\/\/vintageguitars.fr\/en\/wp-json\/wp\/v2\/product_tag?post=10410"}],"curies":[{"name":"wp","href":"https:\/\/api.w.org\/{rel}","templated":true}]}}