{"id":10259,"date":"2019-08-13T14:25:34","date_gmt":"2019-08-13T12:25:34","guid":{"rendered":"http:\/\/vintageguitars.fr\/en\/product\/gibson-l-1\/"},"modified":"2020-01-20T10:32:49","modified_gmt":"2020-01-20T09:32:49","slug":"gibson-l-1","status":"publish","type":"product","link":"https:\/\/vintageguitars.fr\/en\/produit\/gibson-l-1\/","title":{"rendered":"Gibson L-1"},"content":{"rendered":"<p><strong>VENDUE<\/strong><\/p>\n<p>Premier mod\u00e8le flat-top r\u00e9alis\u00e9 par Gibson la L-1 fut introduite au catalogue en 1926. Il s&#8217;agit donc d&#8217;une des toutes premi\u00e8res Gibson de ce genre. Cet instrument a \u00e9t\u00e9 bichonn\u00e9 par Florian Chateau qui a r\u00e9cemment recoll\u00e9 le fond et quelques barrages, stabilis\u00e9 2-3 fentes et effectu\u00e9 un neck reset. Tout ce qu&#8217;il y avait \u00e0 faire a \u00e9t\u00e9 fait. C&#8217;est aujourd&#8217;hui un avion de chasse. Elle est parfaitement jouable et sonne terriblement bien. Elle a un timbre bien bluesy, loin d&#8217;\u00eatre \u00e9triqu\u00e9 ou centr\u00e9 sur les mediums, c&#8217;est une guitare \u00e9quilibr\u00e9e et qui projette tr\u00e8s bien avec des graves bien pr\u00e9sents si n\u00e9cessaire. En \u00e9tui cartonn\u00e9.<\/p>\n","protected":false},"excerpt":{"rendered":"<p>VENDUE Premier mod\u00e8le flat-top r\u00e9alis\u00e9 par Gibson la L-1 fut introduite au catalogue en 1926. Il s&#8217;agit donc d&#8217;une des toutes premi\u00e8res Gibson de ce genre. Cet instrument a \u00e9t\u00e9 bichonn\u00e9 par Florian Chateau qui a r\u00e9cemment recoll\u00e9 le fond et quelques barrages, stabilis\u00e9 2-3 fentes et effectu\u00e9 un neck reset. Tout ce qu&#8217;il y [&hellip;]<\/p>\n","protected":false},"featured_media":10258,"template":"","meta":{"_acf_changed":false},"product_brand":[],"product_cat":[15,8,30],"product_tag":[],"class_list":{"0":"post-10259","1":"product","2":"type-product","3":"status-publish","4":"has-post-thumbnail","6":"product_cat-accoustic","7":"product_cat-guitars","8":"product_cat-sold","10":"first","11":"instock","12":"shipping-taxable","13":"product-type-simple"},"acf":[],"_links":{"self":[{"href":"https:\/\/vintageguitars.fr\/en\/wp-json\/wp\/v2\/product\/10259","targetHints":{"allow":["GET"]}}],"collection":[{"href":"https:\/\/vintageguitars.fr\/en\/wp-json\/wp\/v2\/product"}],"about":[{"href":"https:\/\/vintageguitars.fr\/en\/wp-json\/wp\/v2\/types\/product"}],"wp:featuredmedia":[{"embeddable":true,"href":"https:\/\/vintageguitars.fr\/en\/wp-json\/wp\/v2\/media\/10258"}],"wp:attachment":[{"href":"https:\/\/vintageguitars.fr\/en\/wp-json\/wp\/v2\/media?parent=10259"}],"wp:term":[{"taxonomy":"product_brand","embeddable":true,"href":"https:\/\/vintageguitars.fr\/en\/wp-json\/wp\/v2\/product_brand?post=10259"},{"taxonomy":"product_cat","embeddable":true,"href":"https:\/\/vintageguitars.fr\/en\/wp-json\/wp\/v2\/product_cat?post=10259"},{"taxonomy":"product_tag","embeddable":true,"href":"https:\/\/vintageguitars.fr\/en\/wp-json\/wp\/v2\/product_tag?post=10259"}],"curies":[{"name":"wp","href":"https:\/\/api.w.org\/{rel}","templated":true}]}}