{"id":706,"date":"2016-12-08T22:56:30","date_gmt":"2016-12-08T21:56:30","guid":{"rendered":"http:\/\/vintageguitars.fr\/en\/?page_id=706"},"modified":"2016-12-08T22:56:30","modified_gmt":"2016-12-08T21:56:30","slug":"cookies","status":"publish","type":"page","link":"https:\/\/vintageguitars.fr\/en\/cookies\/","title":{"rendered":"Cookies"},"content":{"rendered":"<p>Voici comment d\u00e9sactiver les cookies du site selon votre navigateur :<\/p>\n<h3>D\u00e9sactiver l\u2019enregistrement de cookies sur Internet Explorer<\/h3>\n<p>1) Cliquez sur \u00ab Outils \u00bb en haut \u00e0 droite ;<\/p>\n<p>2) Cliquez sur \u00ab Options Internet \u00bb ;<\/p>\n<p>3) Dans l\u2019onglet \u00ab Confidentialit\u00e9 \u00bb, vous avez une premi\u00e8re partie \u00ab Param\u00e8tres \u00bb ;<\/p>\n<p>4) Cliquez sur \u00ab Avanc\u00e9 \u00bb ;<\/p>\n<p>5) Une fen\u00eatre \u00ab Param\u00e8tres de confidentialit\u00e9 avanc\u00e9 \u00bb s\u2019ouvre ;<\/p>\n<p>6) Cochez la case \u00ab Ignorer la gestion automatique des cookies \u00bb. Vous avez maintenant le choix entre d\u00e9sactiver l\u2019enregistrement de cookies internes et externes, ou simplement d\u2019exiger une demande de permission avant l\u2019enregistrement de chaque site ;<\/p>\n<p>7) Validez en cliquant sur \u00ab OK \u00bb.<\/p>\n<h3>D\u00e9sactiver l\u2019enregistrement de cookies sur Google Chrome<\/h3>\n<p>1) Allez \u00e0 droite de la barre d\u2019adresse, cliquez sur la cl\u00e9 \u00e0 outils ;<\/p>\n<p>2) Cliquez sur \u00ab Options \u00bb ;<\/p>\n<p>3) Une fen\u00eatre \u00ab Options \u00bb s\u2019ouvre. \u00ab Dans le menu de gauche, cliquez sur \u00ab Options avanc\u00e9es \u00bb ;<\/p>\n<p>4) Cliquez sur le bouton \u00ab Param\u00e8tres de contenu \u00bb ;<\/p>\n<p>5) Ici, vous pouvez choisir :<\/p>\n<ul>\n<li>d\u2019autoriser le stockage des donn\u00e9es locales pour la session en cours uniquement ;<\/li>\n<li>d\u2019interdire \u00e0 tous les sites de stocker des donn\u00e9es ;<\/li>\n<li>de bloquer l\u2019enregistrement des cookies tiers ;<\/li>\n<li>d\u2019effacer les cookies et autres donn\u00e9es de site et de plug-in lorsque je ferme le navigateur.<\/li>\n<\/ul>\n<p>Il vous suffit de choisir l\u2019option de votre choix pour la valider.<\/p>\n<h3>D\u00e9sactiver l\u2019enregistrement de cookies sur Mozilla Firefox<\/h3>\n<p>1) Ouvrez une fen\u00eatre Mozilla FireFox ;<\/p>\n<p>2) Allez dans \u00ab Outils \u00bb (dernier bouton en haut \u00e0 gauche de la fen\u00eatre) ;<\/p>\n<p>3) Cliquez sur \u00ab Options \u00bb ;<\/p>\n<p>4) Allez jusqu\u2019\u00e0 l\u2019onglet \u00ab Vie priv\u00e9e \u00bb ;<\/p>\n<p>5) Dans \u00ab Pistage \u00bb, cochez la case \u00ab Indiquer aux sites web de ne pas me pister \u00bb ;<\/p>\n<p>6) Validez en cliquant sur \u00ab OK \u00bb.<\/p>\n<h3>D\u00e9sactiver l\u2019enregistrement de cookies sur Safari<\/h3>\n<p>1) Ouvrez une fen\u00eatre Safari ;<\/p>\n<p>2) Allez dans l\u2019onglet \u00ab Safari \u00bb (en haut de la fen\u00eatre) ;<\/p>\n<p>3) Cliquez sur \u00ab Pr\u00e9f\u00e9rences \u00bb ;<\/p>\n<p>4) Allez jusqu\u2019\u00e0 l\u2019onglet \u00ab S\u00e9curit\u00e9 \u00bb ;<\/p>\n<p>5) G\u00e9rez vos pr\u00e9f\u00e9rences d\u2019acceptation (toujours, jamais, provenant seulement des sites visit\u00e9s) ;<\/p>\n<p>6) Validez en cliquant sur \u00ab Afficher les cookies \u00bb.<\/p>\n","protected":false},"excerpt":{"rendered":"<p>Voici comment d\u00e9sactiver les cookies du site selon votre navigateur : D\u00e9sactiver l\u2019enregistrement de cookies sur Internet Explorer 1) Cliquez sur \u00ab Outils \u00bb en haut \u00e0 droite ; 2) Cliquez sur \u00ab Options Internet \u00bb ; 3) Dans l\u2019onglet \u00ab Confidentialit\u00e9 \u00bb, vous avez une premi\u00e8re partie \u00ab Param\u00e8tres \u00bb ; 4) Cliquez sur [&hellip;]<\/p>\n","protected":false},"author":1,"featured_media":0,"parent":0,"menu_order":0,"comment_status":"closed","ping_status":"closed","template":"template-pagecustom.php","meta":{"_acf_changed":false,"footnotes":""},"class_list":["post-706","page","type-page","status-publish","hentry"],"acf":[],"_links":{"self":[{"href":"https:\/\/vintageguitars.fr\/en\/wp-json\/wp\/v2\/pages\/706","targetHints":{"allow":["GET"]}}],"collection":[{"href":"https:\/\/vintageguitars.fr\/en\/wp-json\/wp\/v2\/pages"}],"about":[{"href":"https:\/\/vintageguitars.fr\/en\/wp-json\/wp\/v2\/types\/page"}],"author":[{"embeddable":true,"href":"https:\/\/vintageguitars.fr\/en\/wp-json\/wp\/v2\/users\/1"}],"replies":[{"embeddable":true,"href":"https:\/\/vintageguitars.fr\/en\/wp-json\/wp\/v2\/comments?post=706"}],"version-history":[{"count":1,"href":"https:\/\/vintageguitars.fr\/en\/wp-json\/wp\/v2\/pages\/706\/revisions"}],"predecessor-version":[{"id":707,"href":"https:\/\/vintageguitars.fr\/en\/wp-json\/wp\/v2\/pages\/706\/revisions\/707"}],"wp:attachment":[{"href":"https:\/\/vintageguitars.fr\/en\/wp-json\/wp\/v2\/media?parent=706"}],"curies":[{"name":"wp","href":"https:\/\/api.w.org\/{rel}","templated":true}]}}