{"id":704,"date":"2016-12-08T22:55:27","date_gmt":"2016-12-08T21:55:27","guid":{"rendered":"http:\/\/vintageguitars.fr\/en\/?page_id=704"},"modified":"2016-12-08T22:57:12","modified_gmt":"2016-12-08T21:57:12","slug":"legal-notices","status":"publish","type":"page","link":"https:\/\/vintageguitars.fr\/en\/legal-notices\/","title":{"rendered":"Legal notices"},"content":{"rendered":"<h3>1- Informations l\u00e9gales<\/h3>\n<p>Vintage Guitars<br \/>\nEntreprise individuelle.<br \/>\nSi\u00e8ge social : 190 rue de Nantes, 35000 Rennes<br \/>\nN\u00b0 de t\u00e9l\u00e9phone 02 99 35 16 61<br \/>\nAdresse du courrier \u00e9lectronique contact@vintageguitars.fr<br \/>\nn\u00b0 508 572 245 R.C.S Rennes<br \/>\nDate d\u2019immatriculation 16\/10\/2008<\/p>\n<h3>2- Cr\u00e9dits<\/h3>\n<p>D\u00e9veloppement\u00a0: Site a \u00e9t\u00e9 r\u00e9alis\u00e9 par <a title=\"Stern Webdesign\" href=\"http:\/\/www.sternwebdesign.fr\/\">Stern Webdesign<\/a><br \/>\nH\u00e9bergement\u00a0: OVH<\/p>\n<h3>3- Droits d\u2019auteurs<\/h3>\n<p>Le contenu, les images, illustrations, photos, slogans, bases de donn\u00e9es, ainsi que toutes les \u0153uvres int\u00e9gr\u00e9es dans le site sont la propri\u00e9t\u00e9 de Vintage Guitars\u00a0ou de tiers ayant autoris\u00e9 Vintage Guitars\u00a0\u00e0 les utiliser.<br \/>\nToute repr\u00e9sentation totale ou partielle de ce site, de ces marques, ou de ces logos par quelque soci\u00e9t\u00e9 que ce soit, sans l\u2019autorisation expresse de l\u2019exploitant du site, est interdite et constituerait une contrefa\u00e7on sanctionn\u00e9e par les articles L.335-2 et suivants et L713-2 du Code de la propri\u00e9t\u00e9 intellectuelle.<\/p>\n<h3>4- Informatique et Libert\u00e9s<\/h3>\n<p>Conform\u00e9ment avec les dispositions de la loi 6 janvier 1978 relative \u00e0 l\u2019Informatique, aux fichiers et aux Libert\u00e9s, modifi\u00e9e par la loi relative \u00e0 la protection des personnes physiques \u00e0 l\u2019\u00e9gard des traitements de donn\u00e9es \u00e0 caract\u00e8re personnel du 6 ao\u00fbt 2004, les traitements automatis\u00e9s de donn\u00e9es nominatives r\u00e9alis\u00e9s \u00e0 partir du site web ont fait l\u2019objet d\u2019une d\u00e9claration aupr\u00e8s de la Commission nationale de l\u2019informatique et des libert\u00e9s (CNIL), enregistr\u00e9e sous le n\u00b02012675 v 0.<br \/>\nL\u2019utilisateur est inform\u00e9 qu\u2019il dispose, conform\u00e9ment \u00e0 l\u2019article 32 de cette m\u00eame loi, d\u2019un droit d\u2019acc\u00e8s, de modification, de rectification et de suppression, portant sur les donn\u00e9es le concernant en \u00e9crivant \u00e0 l\u2019adresse suivante\u00a0: Vintage Guitars, 190 rue de Nantes, 35000 Rennes ou \u00e0 contact@vintageguitars.fr<\/p>\n<h3>5- Cookies<\/h3>\n<p>L\u2019utilisateur est inform\u00e9 que, lors de ses visites sur le site, un cookie peut s\u2019installer automatiquement sur son logiciel de navigation. Le cookie est un bloc de donn\u00e9es qui ne permet pas d\u2019identifier les utilisateurs mais sert \u00e0 enregistrer des informations relatives \u00e0 la navigation de celui-ci sur le site.<br \/>\nVous pouvez \u00e0 tout moment <a title=\"Gestion des cookies\" href=\"\/en\/cookies\">d\u00e9sactiver les cookies<\/a>.<\/p>\n<h3>6- Responsabilit\u00e9s<\/h3>\n<p>Vintage Guitars\u00a0d\u00e9cline toute responsabilit\u00e9 quant au contenu des sites propos\u00e9s en liens. Quelque soit le type de lien \u00e9tabli \u00e0 partir d\u2019un site Internet ext\u00e9rieur, vers celui de Vintage Guitars\u00a0qui se r\u00e9serve le droit de s\u2019opposer \u00e0 son \u00e9tablissement.<\/p>\n","protected":false},"excerpt":{"rendered":"<p>1- Informations l\u00e9gales Vintage Guitars Entreprise individuelle. Si\u00e8ge social : 190 rue de Nantes, 35000 Rennes N\u00b0 de t\u00e9l\u00e9phone 02 99 35 16 61 Adresse du courrier \u00e9lectronique contact@vintageguitars.fr n\u00b0 508 572 245 R.C.S Rennes Date d\u2019immatriculation 16\/10\/2008 2- Cr\u00e9dits D\u00e9veloppement\u00a0: Site a \u00e9t\u00e9 r\u00e9alis\u00e9 par Stern Webdesign H\u00e9bergement\u00a0: OVH 3- Droits d\u2019auteurs Le contenu, [&hellip;]<\/p>\n","protected":false},"author":1,"featured_media":0,"parent":0,"menu_order":0,"comment_status":"closed","ping_status":"closed","template":"template-pagecustom.php","meta":{"_acf_changed":false,"footnotes":""},"class_list":["post-704","page","type-page","status-publish","hentry"],"acf":[],"_links":{"self":[{"href":"https:\/\/vintageguitars.fr\/en\/wp-json\/wp\/v2\/pages\/704","targetHints":{"allow":["GET"]}}],"collection":[{"href":"https:\/\/vintageguitars.fr\/en\/wp-json\/wp\/v2\/pages"}],"about":[{"href":"https:\/\/vintageguitars.fr\/en\/wp-json\/wp\/v2\/types\/page"}],"author":[{"embeddable":true,"href":"https:\/\/vintageguitars.fr\/en\/wp-json\/wp\/v2\/users\/1"}],"replies":[{"embeddable":true,"href":"https:\/\/vintageguitars.fr\/en\/wp-json\/wp\/v2\/comments?post=704"}],"version-history":[{"count":2,"href":"https:\/\/vintageguitars.fr\/en\/wp-json\/wp\/v2\/pages\/704\/revisions"}],"predecessor-version":[{"id":708,"href":"https:\/\/vintageguitars.fr\/en\/wp-json\/wp\/v2\/pages\/704\/revisions\/708"}],"wp:attachment":[{"href":"https:\/\/vintageguitars.fr\/en\/wp-json\/wp\/v2\/media?parent=704"}],"curies":[{"name":"wp","href":"https:\/\/api.w.org\/{rel}","templated":true}]}}