{"id":677,"date":"2016-11-24T14:13:19","date_gmt":"2016-11-24T13:13:19","guid":{"rendered":"http:\/\/vintageguitars.fr\/en\/cgv\/"},"modified":"2018-10-05T09:28:10","modified_gmt":"2018-10-05T07:28:10","slug":"cgv","status":"publish","type":"page","link":"https:\/\/vintageguitars.fr\/en\/cgv\/","title":{"rendered":"CGV"},"content":{"rendered":"<h3>Conditions g\u00e9n\u00e9rales de vente des produits vendus sur www.vintageguitars.fr<\/h3>\n<p>Date de derni\u00e8re mise \u00e0 jour 23 novembre 2016<\/p>\n<h3>1 &#8211; Objet<\/h3>\n<p>Les pr\u00e9sentes conditions r\u00e9gissent les ventes par la soci\u00e9t\u00e9 Vintage Guitars des instruments et produits commercialis\u00e9s par le site www.vintageguitars.fr .<\/p>\n<h3>2 &#8211; Prix<\/h3>\n<p>Les prix de nos produits sont indiqu\u00e9s en euros toutes taxes comprises (TVA et autres taxes applicables au jour de la commande), sauf indication contraire. Les frais de livraison sont offerts en France m\u00e9tropolitaine. En cas de commande vers un pays autre que la France m\u00e9tropolitaine vous \u00eates l&#8217;importateur du ou des produits concern\u00e9s. Des droits de douane ou autres taxes locales ou droits d&#8217;importation ou taxes d&#8217;\u00e9tat sont susceptibles d&#8217;\u00eatre exigibles. Ces droits et sommes ne rel\u00e8vent pas du ressort de la soci\u00e9t\u00e9 Vintage Guitars. Ils seront \u00e0 votre charge et rel\u00e8vent de votre enti\u00e8re responsabilit\u00e9, tant en termes de d\u00e9clarations que de paiements aux autorit\u00e9s et organismes comp\u00e9tents de votre pays. Nous vous conseillons de vous renseigner sur ces aspects aupr\u00e8s de vos autorit\u00e9s locales. Toutes les commandes quelle que soit leur origine sont payables en euros. La soci\u00e9t\u00e9 Vintage Guitars se r\u00e9serve le droit de modifier ses prix \u00e0 tout moment, mais le produit sera factur\u00e9 sur la base du tarif en vigueur au moment de la validation de la commande et sous r\u00e9serve de disponibilit\u00e9. Les produits demeurent la propri\u00e9t\u00e9 de la soci\u00e9t\u00e9 Vintage Guitars jusqu&#8217;au paiement complet du prix. Attention : d\u00e8s que vous prenez possession physiquement des produits command\u00e9s, les risques de perte ou d&#8217;endommagement des produits vous sont transf\u00e9r\u00e9s.<\/p>\n<h3>Article 3 \u2013 Commandes<\/h3>\n<p>Vous pouvez passer commande :<\/p>\n<p>&#8211; Sur Internet : www.vintageguitars.fr<\/p>\n<p>&#8211; Par t\u00e9l\u00e9phone au 02.99.35.16.6<\/p>\n<p>&#8211; En boutique au 190 rue de Nantes 35000 Rennes.<\/p>\n<p>Les informations contractuelles sont pr\u00e9sent\u00e9es en langue fran\u00e7aise et feront l&#8217;objet d&#8217;une confirmation au plus tard au moment de la validation de votre commande. La soci\u00e9t\u00e9 Vintage Guitars se r\u00e9serve le droit de ne pas enregistrer un paiement, et de ne pas confirmer une commande pour quelque raison que ce soit, et plus particuli\u00e8rement en cas de probl\u00e8me d&#8217;approvisionnement, ou en cas de difficult\u00e9 concernant la commande re\u00e7ue.<\/p>\n<h3>Article 4 &#8211; Validation de votre commande<\/h3>\n<p>Toute commande figurant sur le site Internet www.vintageguitars.fr suppose l&#8217;adh\u00e9sion aux pr\u00e9sentes Conditions G\u00e9n\u00e9rales. Toute confirmation de commande entra\u00eene votre adh\u00e9sion pleine et enti\u00e8re aux pr\u00e9sentes conditions g\u00e9n\u00e9rales de vente, sans exception ni r\u00e9serve. L&#8217;ensemble des donn\u00e9es fournies et la confirmation enregistr\u00e9e vaudront preuve de la transaction. Vous d\u00e9clarez en avoir parfaite connaissance. La confirmation de commande vaudra signature et acceptation des op\u00e9rations effectu\u00e9es. Un r\u00e9capitulatif des informations de votre commande et des pr\u00e9sentes Conditions G\u00e9n\u00e9rales, vous sera communiqu\u00e9 via l&#8217;adresse e-mail de confirmation de votre commande.<\/p>\n<h3>Article 5 \u2013 Paiement<\/h3>\n<p>Le fait de valider votre commande implique pour vous l&#8217;obligation de payer le prix indiqu\u00e9. Le r\u00e8glement de vos achats s&#8217;effectue par carte bancaire gr\u00e2ce au syst\u00e8me s\u00e9curis\u00e9 3DS et Paypal sur notre site www.vintageguitars.fr Vous pouvez \u00e9galement r\u00e9gler directement \u00e0 la boutique au 190 rue de Nantes 35000 Rennes, par esp\u00e8ces, par virement, par carte bleue ou par ch\u00e8ques et ch\u00e8ques de banque. Vous pouvez \u00e9galement nous faire parvenir un ch\u00e8que par voie postale en nous indiquant la nature de votre commande et votre adresse de livraison. Les informations n\u00e9cessaires au virement bancaire seront transmises sur demande en \u00e9crivant \u00e0 l&#8217;adresse mail : contact@vintageguitars.fr<\/p>\n<p>Le paiement \u00e9chelonn\u00e9 est disponible au magasin seulement :<\/p>\n<p>\u2013 en 3 ou 4 fois sans frais dans une limite de 2300 euros. Un relev\u00e9 d&#8217;identit\u00e9 bancaire, une carte bancaire et une<\/p>\n<p>pi\u00e8ce d&#8217;identit\u00e9 seront n\u00e9cessaires.<\/p>\n<p>\u2013 En 10 fois dans une limite de 3500 euros. Les agios pay\u00e9s par l&#8217;acheteur sont de 2,5%. Un relev\u00e9 d&#8217;identit\u00e9 bancaire, une carte bancaire et une pi\u00e8ce d&#8217;identit\u00e9 seront n\u00e9cessaires. Au del\u00e0 de 3000 euros des justificatifs de revenus et de domiciles seront \u00e9galement demand\u00e9s.<\/p>\n<h3>Article 6 &#8211; R\u00e9tractation<\/h3>\n<p>Conform\u00e9ment aux dispositions de l&#8217;article L.121-21 du Code de la Consommation, vous disposez d&#8217;un d\u00e9lai de r\u00e9tractation de 14 jours \u00e0 compter de la r\u00e9ception de vos produits pour exercer votre droit de r\u00e9traction sans avoir \u00e0 justifier de motifs ni \u00e0 payer de p\u00e9nalit\u00e9. Les retours sont \u00e0 effectuer dans leur \u00e9tat d&#8217;origine et complets (emballage, accessoires, notice). Dans ce cadre, votre responsabilit\u00e9 est engag\u00e9e. Tout dommage subi par le produit \u00e0 cette occasion peut \u00eatre de nature \u00e0 faire \u00e9chec au droit de r\u00e9tractation. Les frais de retour sont \u00e0 votre charge.<\/p>\n<h3>Article 7- Disponibilit\u00e9<\/h3>\n<p>Nos produits sont propos\u00e9s tant qu&#8217;ils sont visibles sur le site www.vintageguitars.fr et dans la limite des stocks disponibles. En cas d&#8217;indisponibilit\u00e9 de produit apr\u00e8s passation de votre commande, nous vous en informerons par mail. Votre commande sera automatiquement annul\u00e9e et aucun d\u00e9bit bancaire ne sera effectu\u00e9.<\/p>\n<h3>Article 8 \u2013 Livraison<\/h3>\n<p>Les produits sont livr\u00e9s \u00e0 l&#8217;adresse de livraison indiqu\u00e9e au cours du processus de commande, dans le d\u00e9lai indiqu\u00e9 sur la page de validation de la commande. En cas de retard d&#8217;exp\u00e9dition, un mail vous sera adress\u00e9 pour vous informer d&#8217;une \u00e9ventuelle cons\u00e9quence sur le d\u00e9lai de livraison qui vous a \u00e9t\u00e9 indiqu\u00e9. Conform\u00e9ment aux dispositions l\u00e9gales, en cas de retard de livraison, vous b\u00e9n\u00e9ficiez de la possibilit\u00e9 d&#8217;annuler la commande dans les conditions et modalit\u00e9s d\u00e9finies \u00e0 l&#8217;article L 138-2 du Code de la Consommation. Si entre temps vous recevez le produit nous proc\u00e9derons \u00e0 son remboursement et aux frais d&#8217;acheminement dans les conditions de l&#8217;article L 138-3 du Code de la Consommation. En cas de livraisons par un transporteur, la soci\u00e9t\u00e9 Vintage Guitars ne peut \u00eatre tenue pour responsable de retard de livraison d\u00fb exclusivement \u00e0 une indisponibilit\u00e9 du client apr\u00e8s plusieurs propositions de rendez-vous.<\/p>\n<h3>Article 9 \u2013 Garantie<\/h3>\n<p>Tous nos produits b\u00e9n\u00e9ficient d&#8217;une grande attention dans leur pr\u00e9paration, mais \u00e9tant des biens d&#8217;occasion sont exclus de toute garantie constructeur. Toutes les r\u00e9clamations, demandes d&#8217;\u00e9change ou de remboursement doivent s&#8217;effectuer dans le d\u00e9lai de 7 jours apr\u00e8s la livraison. Les produits doivent nous \u00eatre retourn\u00e9s dans l&#8217;\u00e9tat dans lequel vous les avez re\u00e7us avec l&#8217;ensemble des \u00e9l\u00e9ments (accessoires, emballage, notice&#8230;). Tous travaux de lutherie engag\u00e9s sur l&#8217;instrument sans notre accord exclu de fait toute possibilit\u00e9 de retour. Les frais d&#8217;envoi vous seront rembours\u00e9s sur la base du tarif factur\u00e9 et les frais de retour vous seront rembours\u00e9s sur pr\u00e9sentation des justificatifs. Les dispositions de cet Article ne vous emp\u00eachent pas de b\u00e9n\u00e9ficier du droit de r\u00e9tractation pr\u00e9vu \u00e0 l&#8217;article 6.<\/p>\n<h3>Article 10 \u2013 Responsabilit\u00e9<\/h3>\n<p>Les produits propos\u00e9s sont conformes \u00e0 la l\u00e9gislation fran\u00e7aise en vigueur. La responsabilit\u00e9 de la soci\u00e9t\u00e9 Vintage Guitars ne saurait \u00eatre engag\u00e9e en cas de non-respect de la l\u00e9gislation du pays o\u00f9 le produit est livr\u00e9. Il vous appartient de v\u00e9rifier aupr\u00e8s des autorit\u00e9s locales les possibilit\u00e9s d&#8217;importation ou d&#8217;utilisation des produits que vous envisagez de commander. Par ailleurs, la soci\u00e9t\u00e9 Vintage Guitars ne saurait \u00eatre tenue pour responsable des dommages r\u00e9sultant d&#8217;une mauvaise utilisation du produit achet\u00e9. Enfin la responsabilit\u00e9 de la soci\u00e9t\u00e9 Vintage Guitars ne saurait \u00eatre engag\u00e9e pour tous les inconv\u00e9nients ou dommages inh\u00e9rents \u00e0 l&#8217;utilisation du r\u00e9seau Internet, notamment une rupture de service, une intrusion ext\u00e9rieure ou la pr\u00e9sence de virus informatiques.<\/p>\n<h3>Article 11 &#8211; Droit applicable en cas de litiges<\/h3>\n<p>La langue du pr\u00e9sent contrat est la langue fran\u00e7aise. Les pr\u00e9sentes conditions de vente sont soumises \u00e0 la loi fran\u00e7aise. En cas de litige, les tribunaux fran\u00e7ais seront les seuls comp\u00e9tents.<\/p>\n<h3>Article 12 &#8211; Propri\u00e9t\u00e9 intellectuelle<\/h3>\n<p>Tous les \u00e9l\u00e9ments du site www.vintageguitars.fr sont et restent la propri\u00e9t\u00e9 intellectuelle et exclusive de la soci\u00e9t\u00e9 Vintage Guitars. Nul n&#8217;est autoris\u00e9 \u00e0 reproduire, exploiter, rediffuser, ou utiliser \u00e0 quelque titre que ce soit, m\u00eame partiellement, des \u00e9l\u00e9ments du site qu&#8217;ils soient logiciels, visuels ou sonores.<\/p>\n<h3>Article 13 &#8211; Donn\u00e9es personnelles<\/h3>\n<p>La soci\u00e9t\u00e9 Vintage Guitars se r\u00e9serve le droit de collecter les informations nominatives et les donn\u00e9es personnelles vous concernant. Elles sont n\u00e9cessaires \u00e0 la gestion de votre commande, ainsi qu&#8217;\u00e0 l&#8217;am\u00e9lioration des services et des informations que nous vous adressons. Elles peuvent aussi \u00eatre transmises aux soci\u00e9t\u00e9s qui contribuent \u00e0 ces relations, telles que celles charg\u00e9es de l&#8217;ex\u00e9cution des services et commandes pour leur gestion, ex\u00e9cution, traitement et paiement. Ces informations et donn\u00e9es sont \u00e9galement conserv\u00e9es \u00e0 des fins de s\u00e9curit\u00e9, afin de respecter les obligations l\u00e9gales et r\u00e9glementaires. Conform\u00e9ment \u00e0 la loi du 6 janvier 1978, vous disposez d&#8217;un droit d&#8217;acc\u00e8s, de rectification et d&#8217;opposition aux informations nominatives et aux donn\u00e9es personnelles vous concernant, directement sur le site Internet.<\/p>\n<h3>Article 14 &#8211; Archivage Preuve<\/h3>\n<p>La soci\u00e9t\u00e9 Vintage Guitars archivera les bons de commandes et les factures sur un support fiable et durable constituant une copie fid\u00e8le conform\u00e9ment aux dispositions de l&#8217;article 1348 du Code civil. Les registres informatis\u00e9s de la soci\u00e9t\u00e9 Vintage Guitars seront consid\u00e9r\u00e9s par toutes les parties concern\u00e9es comme preuve des communications, commandes, paiements et transactions intervenus entre les parties.<\/p>\n<p>&nbsp;<\/p>\n<p>&nbsp;<\/p>\n<p>&nbsp;<\/p>\n<p>&nbsp;<\/p>\n<p>&nbsp;<\/p>\n<hr \/>\n<p>Vintage Guitars<br \/>\nEntreprise individuelle.<br \/>\nSi\u00e8ge social : 190 rue de Nantes, 35000 Rennes<br \/>\nN\u00b0 de t\u00e9l\u00e9phone 02 99 35 16 61<br \/>\nAdresse du courrier \u00e9lectronique contact@vintageguitars.fr<br \/>\nn\u00b0 508 572 245 R.C.S Rennes<br \/>\nDate d&#8217;immatriculation 16\/10\/2008<\/p>\n","protected":false},"excerpt":{"rendered":"<p>Conditions g\u00e9n\u00e9rales de vente des produits vendus sur www.vintageguitars.fr Date de derni\u00e8re mise \u00e0 jour 23 novembre 2016 1 &#8211; Objet Les pr\u00e9sentes conditions r\u00e9gissent les ventes par la soci\u00e9t\u00e9 Vintage Guitars des instruments et produits commercialis\u00e9s par le site www.vintageguitars.fr . 2 &#8211; Prix Les prix de nos produits sont indiqu\u00e9s en euros toutes [&hellip;]<\/p>\n","protected":false},"author":1,"featured_media":0,"parent":0,"menu_order":0,"comment_status":"closed","ping_status":"closed","template":"template-pagecustom.php","meta":{"_acf_changed":false,"footnotes":""},"class_list":["post-677","page","type-page","status-publish","hentry"],"acf":[],"_links":{"self":[{"href":"https:\/\/vintageguitars.fr\/en\/wp-json\/wp\/v2\/pages\/677","targetHints":{"allow":["GET"]}}],"collection":[{"href":"https:\/\/vintageguitars.fr\/en\/wp-json\/wp\/v2\/pages"}],"about":[{"href":"https:\/\/vintageguitars.fr\/en\/wp-json\/wp\/v2\/types\/page"}],"author":[{"embeddable":true,"href":"https:\/\/vintageguitars.fr\/en\/wp-json\/wp\/v2\/users\/1"}],"replies":[{"embeddable":true,"href":"https:\/\/vintageguitars.fr\/en\/wp-json\/wp\/v2\/comments?post=677"}],"version-history":[{"count":2,"href":"https:\/\/vintageguitars.fr\/en\/wp-json\/wp\/v2\/pages\/677\/revisions"}],"predecessor-version":[{"id":7180,"href":"https:\/\/vintageguitars.fr\/en\/wp-json\/wp\/v2\/pages\/677\/revisions\/7180"}],"wp:attachment":[{"href":"https:\/\/vintageguitars.fr\/en\/wp-json\/wp\/v2\/media?parent=677"}],"curies":[{"name":"wp","href":"https:\/\/api.w.org\/{rel}","templated":true}]}}